{"id":1107,"date":"2023-02-22T09:58:42","date_gmt":"2023-02-22T09:58:42","guid":{"rendered":"https:\/\/www.andre-lemoine.com\/?page_id=1107"},"modified":"2024-08-07T07:56:42","modified_gmt":"2024-08-07T07:56:42","slug":"page-daccueil","status":"publish","type":"page","link":"https:\/\/www.andre-lemoine.com\/?page_id=1107","title":{"rendered":"Pr\u00e9sentation"},"content":{"rendered":"\n<p>&nbsp;&nbsp;&nbsp;&nbsp;&nbsp;&nbsp;&nbsp;&nbsp;&nbsp;&nbsp;&nbsp; Suite \u00e0 ma profession de psychoth\u00e9rapeute, \u00e0 mes voyages initiatiques en Inde et dans beaucoup d\u2019autres pays, ainsi qu\u2019\u00e0 l\u2019enseignement que j\u2019ai re\u00e7u aupr\u00e8s de mon ma\u00eetre Arnaud Desjardins, je vous transmets dans ce site et dans le livre \u00ab\u00a0Le vrai prix du Bonheur\u00a0\u00bb les fruits de mon exp\u00e9rience personnelle, autant int\u00e9rieure qu\u2019en relation intime avec les \u00eatres qui ont fait partie de mon parcours de vie.<\/p>\n\n\n\n<p>Je souhaite que vous trouviez, dans la diversit\u00e9 des chapitres que je propose, les r\u00e9ponses et les outils n\u00e9cessaires \u00e0 votre \u00e9volution personnelle, pour vous accompagner dans votre recherche int\u00e9rieure vers la lumi\u00e8re et le c\u0153ur qui construisent un \u00eatre humain authentique, dont notre monde d\u2019aujourd\u2019hui, en pleine mutation, a tant besoin.<\/p>\n\n\n\n<p>Ce livre est une synth\u00e8se entre les r\u00e9v\u00e9lations que j\u2019ai re\u00e7ues de mes guides de lumi\u00e8re et l\u2019exp\u00e9rience appliqu\u00e9e dans mon incarnation, bien enracin\u00e9e, dans ma r\u00e9alit\u00e9, sur cette terre.<\/p>\n\n\n\n<p>Andr\u00e9 Lemoine<\/p>\n\n\n\n<figure class=\"wp-block-image size-large\"><img loading=\"lazy\" decoding=\"async\" width=\"1024\" height=\"695\" src=\"https:\/\/www.andre-lemoine.com\/wp-content\/uploads\/2023\/02\/LVPB-Couverture-23-0202_Couv-3-1024x695.jpg\" alt=\"\" class=\"wp-image-1094\" srcset=\"https:\/\/www.andre-lemoine.com\/wp-content\/uploads\/2023\/02\/LVPB-Couverture-23-0202_Couv-3-1024x695.jpg 1024w, https:\/\/www.andre-lemoine.com\/wp-content\/uploads\/2023\/02\/LVPB-Couverture-23-0202_Couv-3-300x204.jpg 300w, https:\/\/www.andre-lemoine.com\/wp-content\/uploads\/2023\/02\/LVPB-Couverture-23-0202_Couv-3-768x522.jpg 768w, https:\/\/www.andre-lemoine.com\/wp-content\/uploads\/2023\/02\/LVPB-Couverture-23-0202_Couv-3-1536x1043.jpg 1536w, https:\/\/www.andre-lemoine.com\/wp-content\/uploads\/2023\/02\/LVPB-Couverture-23-0202_Couv-3.jpg 1680w\" sizes=\"auto, (max-width: 1024px) 100vw, 1024px\" \/><\/figure>\n\n\n\n<p><\/p>\n","protected":false},"excerpt":{"rendered":"<p>&nbsp;&nbsp;&nbsp;&nbsp;&nbsp;&nbsp;&nbsp;&nbsp;&nbsp;&nbsp;&nbsp; Suite \u00e0 ma profession de psychoth\u00e9rapeute, \u00e0 mes voyages initiatiques en Inde et dans beaucoup d\u2019autres pays, ainsi qu\u2019\u00e0 l\u2019enseignement que j\u2019ai re\u00e7u aupr\u00e8s de mon ma\u00eetre Arnaud Desjardins, je vous transmets dans ce site et dans le livre &hellip; <a href=\"https:\/\/www.andre-lemoine.com\/?page_id=1107\">Continuer la lecture <span class=\"meta-nav\">&rarr;<\/span><\/a><\/p>\n","protected":false},"author":1,"featured_media":0,"parent":0,"menu_order":0,"comment_status":"closed","ping_status":"closed","template":"","meta":{"footnotes":""},"class_list":["post-1107","page","type-page","status-publish","hentry"],"yoast_head":"<!-- This site is optimized with the Yoast SEO plugin v23.2 - https:\/\/yoast.com\/wordpress\/plugins\/seo\/ -->\n<title>Pr\u00e9sentation - Andr\u00e9 Lemoine<\/title>\n<meta name=\"robots\" content=\"index, follow, max-snippet:-1, max-image-preview:large, max-video-preview:-1\" \/>\n<link rel=\"canonical\" href=\"https:\/\/www.andre-lemoine.com\/?page_id=1107\" \/>\n<meta property=\"og:locale\" content=\"fr_FR\" \/>\n<meta property=\"og:type\" content=\"article\" \/>\n<meta property=\"og:title\" content=\"Pr\u00e9sentation - Andr\u00e9 Lemoine\" \/>\n<meta property=\"og:description\" content=\"&nbsp;&nbsp;&nbsp;&nbsp;&nbsp;&nbsp;&nbsp;&nbsp;&nbsp;&nbsp;&nbsp; Suite \u00e0 ma profession de psychoth\u00e9rapeute, \u00e0 mes voyages initiatiques en Inde et dans beaucoup d\u2019autres pays, ainsi qu\u2019\u00e0 l\u2019enseignement que j\u2019ai re\u00e7u aupr\u00e8s de mon ma\u00eetre Arnaud Desjardins, je vous transmets dans ce site et dans le livre &hellip; Continuer la lecture &rarr;\" \/>\n<meta property=\"og:url\" content=\"https:\/\/www.andre-lemoine.com\/?page_id=1107\" \/>\n<meta property=\"og:site_name\" content=\"Andr\u00e9 Lemoine\" \/>\n<meta property=\"article:modified_time\" content=\"2024-08-07T07:56:42+00:00\" \/>\n<meta property=\"og:image\" content=\"https:\/\/www.andre-lemoine.com\/wp-content\/uploads\/2023\/02\/LVPB-Couverture-23-0202_Couv-3-1024x695.jpg\" \/>\n<meta name=\"twitter:card\" content=\"summary_large_image\" \/>\n<meta name=\"twitter:label1\" content=\"Dur\u00e9e de lecture estim\u00e9e\" \/>\n\t<meta name=\"twitter:data1\" content=\"1 minute\" \/>\n<script type=\"application\/ld+json\" class=\"yoast-schema-graph\">{\"@context\":\"https:\/\/schema.org\",\"@graph\":[{\"@type\":\"WebPage\",\"@id\":\"https:\/\/www.andre-lemoine.com\/?page_id=1107\",\"url\":\"https:\/\/www.andre-lemoine.com\/?page_id=1107\",\"name\":\"Pr\u00e9sentation - Andr\u00e9 Lemoine\",\"isPartOf\":{\"@id\":\"https:\/\/www.andre-lemoine.com\/#website\"},\"primaryImageOfPage\":{\"@id\":\"https:\/\/www.andre-lemoine.com\/?page_id=1107#primaryimage\"},\"image\":{\"@id\":\"https:\/\/www.andre-lemoine.com\/?page_id=1107#primaryimage\"},\"thumbnailUrl\":\"https:\/\/www.andre-lemoine.com\/wp-content\/uploads\/2023\/02\/LVPB-Couverture-23-0202_Couv-3-1024x695.jpg\",\"datePublished\":\"2023-02-22T09:58:42+00:00\",\"dateModified\":\"2024-08-07T07:56:42+00:00\",\"breadcrumb\":{\"@id\":\"https:\/\/www.andre-lemoine.com\/?page_id=1107#breadcrumb\"},\"inLanguage\":\"fr-FR\",\"potentialAction\":[{\"@type\":\"ReadAction\",\"target\":[\"https:\/\/www.andre-lemoine.com\/?page_id=1107\"]}]},{\"@type\":\"ImageObject\",\"inLanguage\":\"fr-FR\",\"@id\":\"https:\/\/www.andre-lemoine.com\/?page_id=1107#primaryimage\",\"url\":\"https:\/\/www.andre-lemoine.com\/wp-content\/uploads\/2023\/02\/LVPB-Couverture-23-0202_Couv-3.jpg\",\"contentUrl\":\"https:\/\/www.andre-lemoine.com\/wp-content\/uploads\/2023\/02\/LVPB-Couverture-23-0202_Couv-3.jpg\",\"width\":1680,\"height\":1141},{\"@type\":\"BreadcrumbList\",\"@id\":\"https:\/\/www.andre-lemoine.com\/?page_id=1107#breadcrumb\",\"itemListElement\":[{\"@type\":\"ListItem\",\"position\":1,\"name\":\"Accueil\",\"item\":\"https:\/\/www.andre-lemoine.com\/\"},{\"@type\":\"ListItem\",\"position\":2,\"name\":\"Pr\u00e9sentation\"}]},{\"@type\":\"WebSite\",\"@id\":\"https:\/\/www.andre-lemoine.com\/#website\",\"url\":\"https:\/\/www.andre-lemoine.com\/\",\"name\":\"Andr\u00e9 Lemoine\",\"description\":\"Le vrai prix du bonheur\",\"potentialAction\":[{\"@type\":\"SearchAction\",\"target\":{\"@type\":\"EntryPoint\",\"urlTemplate\":\"https:\/\/www.andre-lemoine.com\/?s={search_term_string}\"},\"query-input\":\"required name=search_term_string\"}],\"inLanguage\":\"fr-FR\"}]}<\/script>\n<!-- \/ Yoast SEO plugin. -->","yoast_head_json":{"title":"Pr\u00e9sentation - Andr\u00e9 Lemoine","robots":{"index":"index","follow":"follow","max-snippet":"max-snippet:-1","max-image-preview":"max-image-preview:large","max-video-preview":"max-video-preview:-1"},"canonical":"https:\/\/www.andre-lemoine.com\/?page_id=1107","og_locale":"fr_FR","og_type":"article","og_title":"Pr\u00e9sentation - Andr\u00e9 Lemoine","og_description":"&nbsp;&nbsp;&nbsp;&nbsp;&nbsp;&nbsp;&nbsp;&nbsp;&nbsp;&nbsp;&nbsp; Suite \u00e0 ma profession de psychoth\u00e9rapeute, \u00e0 mes voyages initiatiques en Inde et dans beaucoup d\u2019autres pays, ainsi qu\u2019\u00e0 l\u2019enseignement que j\u2019ai re\u00e7u aupr\u00e8s de mon ma\u00eetre Arnaud Desjardins, je vous transmets dans ce site et dans le livre &hellip; Continuer la lecture &rarr;","og_url":"https:\/\/www.andre-lemoine.com\/?page_id=1107","og_site_name":"Andr\u00e9 Lemoine","article_modified_time":"2024-08-07T07:56:42+00:00","og_image":[{"url":"https:\/\/www.andre-lemoine.com\/wp-content\/uploads\/2023\/02\/LVPB-Couverture-23-0202_Couv-3-1024x695.jpg"}],"twitter_card":"summary_large_image","twitter_misc":{"Dur\u00e9e de lecture estim\u00e9e":"1 minute"},"schema":{"@context":"https:\/\/schema.org","@graph":[{"@type":"WebPage","@id":"https:\/\/www.andre-lemoine.com\/?page_id=1107","url":"https:\/\/www.andre-lemoine.com\/?page_id=1107","name":"Pr\u00e9sentation - Andr\u00e9 Lemoine","isPartOf":{"@id":"https:\/\/www.andre-lemoine.com\/#website"},"primaryImageOfPage":{"@id":"https:\/\/www.andre-lemoine.com\/?page_id=1107#primaryimage"},"image":{"@id":"https:\/\/www.andre-lemoine.com\/?page_id=1107#primaryimage"},"thumbnailUrl":"https:\/\/www.andre-lemoine.com\/wp-content\/uploads\/2023\/02\/LVPB-Couverture-23-0202_Couv-3-1024x695.jpg","datePublished":"2023-02-22T09:58:42+00:00","dateModified":"2024-08-07T07:56:42+00:00","breadcrumb":{"@id":"https:\/\/www.andre-lemoine.com\/?page_id=1107#breadcrumb"},"inLanguage":"fr-FR","potentialAction":[{"@type":"ReadAction","target":["https:\/\/www.andre-lemoine.com\/?page_id=1107"]}]},{"@type":"ImageObject","inLanguage":"fr-FR","@id":"https:\/\/www.andre-lemoine.com\/?page_id=1107#primaryimage","url":"https:\/\/www.andre-lemoine.com\/wp-content\/uploads\/2023\/02\/LVPB-Couverture-23-0202_Couv-3.jpg","contentUrl":"https:\/\/www.andre-lemoine.com\/wp-content\/uploads\/2023\/02\/LVPB-Couverture-23-0202_Couv-3.jpg","width":1680,"height":1141},{"@type":"BreadcrumbList","@id":"https:\/\/www.andre-lemoine.com\/?page_id=1107#breadcrumb","itemListElement":[{"@type":"ListItem","position":1,"name":"Accueil","item":"https:\/\/www.andre-lemoine.com\/"},{"@type":"ListItem","position":2,"name":"Pr\u00e9sentation"}]},{"@type":"WebSite","@id":"https:\/\/www.andre-lemoine.com\/#website","url":"https:\/\/www.andre-lemoine.com\/","name":"Andr\u00e9 Lemoine","description":"Le vrai prix du bonheur","potentialAction":[{"@type":"SearchAction","target":{"@type":"EntryPoint","urlTemplate":"https:\/\/www.andre-lemoine.com\/?s={search_term_string}"},"query-input":"required name=search_term_string"}],"inLanguage":"fr-FR"}]}},"_links":{"self":[{"href":"https:\/\/www.andre-lemoine.com\/index.php?rest_route=\/wp\/v2\/pages\/1107","targetHints":{"allow":["GET"]}}],"collection":[{"href":"https:\/\/www.andre-lemoine.com\/index.php?rest_route=\/wp\/v2\/pages"}],"about":[{"href":"https:\/\/www.andre-lemoine.com\/index.php?rest_route=\/wp\/v2\/types\/page"}],"author":[{"embeddable":true,"href":"https:\/\/www.andre-lemoine.com\/index.php?rest_route=\/wp\/v2\/users\/1"}],"replies":[{"embeddable":true,"href":"https:\/\/www.andre-lemoine.com\/index.php?rest_route=%2Fwp%2Fv2%2Fcomments&post=1107"}],"version-history":[{"count":12,"href":"https:\/\/www.andre-lemoine.com\/index.php?rest_route=\/wp\/v2\/pages\/1107\/revisions"}],"predecessor-version":[{"id":1284,"href":"https:\/\/www.andre-lemoine.com\/index.php?rest_route=\/wp\/v2\/pages\/1107\/revisions\/1284"}],"wp:attachment":[{"href":"https:\/\/www.andre-lemoine.com\/index.php?rest_route=%2Fwp%2Fv2%2Fmedia&parent=1107"}],"curies":[{"name":"wp","href":"https:\/\/api.w.org\/{rel}","templated":true}]}}