{"id":14,"date":"2011-06-21T08:52:50","date_gmt":"2011-06-21T08:52:50","guid":{"rendered":"http:\/\/localhost\/andre-lemoine\/?page_id=14"},"modified":"2023-04-06T07:27:26","modified_gmt":"2023-04-06T07:27:26","slug":"chapitre-1","status":"publish","type":"page","link":"https:\/\/www.andre-lemoine.com\/?page_id=14","title":{"rendered":"Tome 1 &#8211; Qui suis-je ?"},"content":{"rendered":"\n<p>Ce premier chapitre d\u00e9crit toutes les complexit\u00e9s de la psych\u00e9 humaine, c\u2019est \u00e0 dire tout ce qui vient du fond de notre personnalit\u00e9 et qui perturbe notre vie de tous les jours, nos pens\u00e9es, nos relations humaines intimes ou sociales. Nos actions et nos pens\u00e9es \u00e9tant dirig\u00e9es par notre inconscient.<\/p>\n\n\n\n<p>C\u2019est l\u00e0 le point de d\u00e9part de notre chemin. Notre \u00e2me a choisi ces \u00e9preuves pour accomplir son destin dans cette incarnation. Il est tr\u00e8s important de revenir \u00e0 ce d\u00e9but de notre vie que beaucoup d\u2019\u00eatres veulent laisser de c\u00f4t\u00e9 en cherchant une vie spirituelle confortable et illusoire.<\/p>\n\n\n\n<p>Voici le lien des extraits du chapitre 1 : <a href=\"https:\/\/www.andre-lemoine.com\/wp-content\/uploads\/2023\/03\/extraits-tome-1.pdf\">extraits chapitre 1<\/a><\/p>\n","protected":false},"excerpt":{"rendered":"<p>Ce premier chapitre d\u00e9crit toutes les complexit\u00e9s de la psych\u00e9 humaine, c\u2019est \u00e0 dire tout ce qui vient du fond de notre personnalit\u00e9 et qui perturbe notre vie de tous les jours, nos pens\u00e9es, nos relations humaines intimes ou sociales. &hellip; <a href=\"https:\/\/www.andre-lemoine.com\/?page_id=14\">Continuer la lecture <span class=\"meta-nav\">&rarr;<\/span><\/a><\/p>\n","protected":false},"author":1,"featured_media":0,"parent":2,"menu_order":20,"comment_status":"closed","ping_status":"closed","template":"onecolumn-page.php","meta":{"footnotes":""},"class_list":["post-14","page","type-page","status-publish","hentry"],"yoast_head":"<!-- This site is optimized with the Yoast SEO plugin v23.2 - https:\/\/yoast.com\/wordpress\/plugins\/seo\/ -->\n<title>Tome 1 - Qui suis-je ? - Andr\u00e9 Lemoine<\/title>\n<meta name=\"robots\" content=\"index, follow, max-snippet:-1, max-image-preview:large, max-video-preview:-1\" \/>\n<link rel=\"canonical\" href=\"https:\/\/www.andre-lemoine.com\/?page_id=14\" \/>\n<meta property=\"og:locale\" content=\"fr_FR\" \/>\n<meta property=\"og:type\" content=\"article\" \/>\n<meta property=\"og:title\" content=\"Tome 1 - Qui suis-je ? - Andr\u00e9 Lemoine\" \/>\n<meta property=\"og:description\" content=\"Ce premier chapitre d\u00e9crit toutes les complexit\u00e9s de la psych\u00e9 humaine, c\u2019est \u00e0 dire tout ce qui vient du fond de notre personnalit\u00e9 et qui perturbe notre vie de tous les jours, nos pens\u00e9es, nos relations humaines intimes ou sociales. &hellip; Continuer la lecture &rarr;\" \/>\n<meta property=\"og:url\" content=\"https:\/\/www.andre-lemoine.com\/?page_id=14\" \/>\n<meta property=\"og:site_name\" content=\"Andr\u00e9 Lemoine\" \/>\n<meta property=\"article:modified_time\" content=\"2023-04-06T07:27:26+00:00\" \/>\n<meta name=\"twitter:card\" content=\"summary_large_image\" \/>\n<meta name=\"twitter:label1\" content=\"Dur\u00e9e de lecture estim\u00e9e\" \/>\n\t<meta name=\"twitter:data1\" content=\"1 minute\" \/>\n<script type=\"application\/ld+json\" class=\"yoast-schema-graph\">{\"@context\":\"https:\/\/schema.org\",\"@graph\":[{\"@type\":\"WebPage\",\"@id\":\"https:\/\/www.andre-lemoine.com\/?page_id=14\",\"url\":\"https:\/\/www.andre-lemoine.com\/?page_id=14\",\"name\":\"Tome 1 - Qui suis-je ? - Andr\u00e9 Lemoine\",\"isPartOf\":{\"@id\":\"https:\/\/www.andre-lemoine.com\/#website\"},\"datePublished\":\"2011-06-21T08:52:50+00:00\",\"dateModified\":\"2023-04-06T07:27:26+00:00\",\"breadcrumb\":{\"@id\":\"https:\/\/www.andre-lemoine.com\/?page_id=14#breadcrumb\"},\"inLanguage\":\"fr-FR\",\"potentialAction\":[{\"@type\":\"ReadAction\",\"target\":[\"https:\/\/www.andre-lemoine.com\/?page_id=14\"]}]},{\"@type\":\"BreadcrumbList\",\"@id\":\"https:\/\/www.andre-lemoine.com\/?page_id=14#breadcrumb\",\"itemListElement\":[{\"@type\":\"ListItem\",\"position\":1,\"name\":\"Accueil\",\"item\":\"https:\/\/www.andre-lemoine.com\/\"},{\"@type\":\"ListItem\",\"position\":2,\"name\":\"Livre \u00ab\u00a0Le vrai prix du bonheur\u00a0\u00bb\",\"item\":\"https:\/\/www.andre-lemoine.com\/\"},{\"@type\":\"ListItem\",\"position\":3,\"name\":\"Tome 1 &#8211; Qui suis-je ?\"}]},{\"@type\":\"WebSite\",\"@id\":\"https:\/\/www.andre-lemoine.com\/#website\",\"url\":\"https:\/\/www.andre-lemoine.com\/\",\"name\":\"Andr\u00e9 Lemoine\",\"description\":\"Le vrai prix du bonheur\",\"potentialAction\":[{\"@type\":\"SearchAction\",\"target\":{\"@type\":\"EntryPoint\",\"urlTemplate\":\"https:\/\/www.andre-lemoine.com\/?s={search_term_string}\"},\"query-input\":\"required name=search_term_string\"}],\"inLanguage\":\"fr-FR\"}]}<\/script>\n<!-- \/ Yoast SEO plugin. -->","yoast_head_json":{"title":"Tome 1 - Qui suis-je ? - Andr\u00e9 Lemoine","robots":{"index":"index","follow":"follow","max-snippet":"max-snippet:-1","max-image-preview":"max-image-preview:large","max-video-preview":"max-video-preview:-1"},"canonical":"https:\/\/www.andre-lemoine.com\/?page_id=14","og_locale":"fr_FR","og_type":"article","og_title":"Tome 1 - Qui suis-je ? - Andr\u00e9 Lemoine","og_description":"Ce premier chapitre d\u00e9crit toutes les complexit\u00e9s de la psych\u00e9 humaine, c\u2019est \u00e0 dire tout ce qui vient du fond de notre personnalit\u00e9 et qui perturbe notre vie de tous les jours, nos pens\u00e9es, nos relations humaines intimes ou sociales. &hellip; Continuer la lecture &rarr;","og_url":"https:\/\/www.andre-lemoine.com\/?page_id=14","og_site_name":"Andr\u00e9 Lemoine","article_modified_time":"2023-04-06T07:27:26+00:00","twitter_card":"summary_large_image","twitter_misc":{"Dur\u00e9e de lecture estim\u00e9e":"1 minute"},"schema":{"@context":"https:\/\/schema.org","@graph":[{"@type":"WebPage","@id":"https:\/\/www.andre-lemoine.com\/?page_id=14","url":"https:\/\/www.andre-lemoine.com\/?page_id=14","name":"Tome 1 - Qui suis-je ? - Andr\u00e9 Lemoine","isPartOf":{"@id":"https:\/\/www.andre-lemoine.com\/#website"},"datePublished":"2011-06-21T08:52:50+00:00","dateModified":"2023-04-06T07:27:26+00:00","breadcrumb":{"@id":"https:\/\/www.andre-lemoine.com\/?page_id=14#breadcrumb"},"inLanguage":"fr-FR","potentialAction":[{"@type":"ReadAction","target":["https:\/\/www.andre-lemoine.com\/?page_id=14"]}]},{"@type":"BreadcrumbList","@id":"https:\/\/www.andre-lemoine.com\/?page_id=14#breadcrumb","itemListElement":[{"@type":"ListItem","position":1,"name":"Accueil","item":"https:\/\/www.andre-lemoine.com\/"},{"@type":"ListItem","position":2,"name":"Livre \u00ab\u00a0Le vrai prix du bonheur\u00a0\u00bb","item":"https:\/\/www.andre-lemoine.com\/"},{"@type":"ListItem","position":3,"name":"Tome 1 &#8211; Qui suis-je ?"}]},{"@type":"WebSite","@id":"https:\/\/www.andre-lemoine.com\/#website","url":"https:\/\/www.andre-lemoine.com\/","name":"Andr\u00e9 Lemoine","description":"Le vrai prix du bonheur","potentialAction":[{"@type":"SearchAction","target":{"@type":"EntryPoint","urlTemplate":"https:\/\/www.andre-lemoine.com\/?s={search_term_string}"},"query-input":"required name=search_term_string"}],"inLanguage":"fr-FR"}]}},"_links":{"self":[{"href":"https:\/\/www.andre-lemoine.com\/index.php?rest_route=\/wp\/v2\/pages\/14","targetHints":{"allow":["GET"]}}],"collection":[{"href":"https:\/\/www.andre-lemoine.com\/index.php?rest_route=\/wp\/v2\/pages"}],"about":[{"href":"https:\/\/www.andre-lemoine.com\/index.php?rest_route=\/wp\/v2\/types\/page"}],"author":[{"embeddable":true,"href":"https:\/\/www.andre-lemoine.com\/index.php?rest_route=\/wp\/v2\/users\/1"}],"replies":[{"embeddable":true,"href":"https:\/\/www.andre-lemoine.com\/index.php?rest_route=%2Fwp%2Fv2%2Fcomments&post=14"}],"version-history":[{"count":35,"href":"https:\/\/www.andre-lemoine.com\/index.php?rest_route=\/wp\/v2\/pages\/14\/revisions"}],"predecessor-version":[{"id":1188,"href":"https:\/\/www.andre-lemoine.com\/index.php?rest_route=\/wp\/v2\/pages\/14\/revisions\/1188"}],"up":[{"embeddable":true,"href":"https:\/\/www.andre-lemoine.com\/index.php?rest_route=\/wp\/v2\/pages\/2"}],"wp:attachment":[{"href":"https:\/\/www.andre-lemoine.com\/index.php?rest_route=%2Fwp%2Fv2%2Fmedia&parent=14"}],"curies":[{"name":"wp","href":"https:\/\/api.w.org\/{rel}","templated":true}]}}