{"id":2,"date":"2011-06-15T09:19:24","date_gmt":"2011-06-15T09:19:24","guid":{"rendered":"http:\/\/localhost\/andre-lemoine\/?page_id=2"},"modified":"2023-04-12T15:32:05","modified_gmt":"2023-04-12T15:32:05","slug":"page-d-exemple","status":"publish","type":"page","link":"https:\/\/www.andre-lemoine.com\/","title":{"rendered":"Livre \u00ab\u00a0Le vrai prix du bonheur\u00a0\u00bb"},"content":{"rendered":"\n<p>Ce livre est un outil pour accompagner ceux qui le d\u00e9sirent dans un chemin int\u00e9rieur, ayant pour but la lib\u00e9ration de notre \u00e2me des cons\u00e9quences dues aux blessures de notre histoire personnelle. C\u2019est un chemin de lib\u00e9ration des a priori et des croyances qui ont fa\u00e7onn\u00e9 notre personnalit\u00e9. C\u2019est l\u2019observation de nos r\u00e9actions mentales, \u00e9motionnelles et physiologiques aux diff\u00e9rents passages de ce livre qui peut nous \u00e9clairer sur notre construction subtile personnelle, autant psychologique que spirituelle. En acceptant de laisser descendre les diff\u00e9rents messages au plus profond de votre \u00eatre, peut-\u00eatre reconnaitrez-vous les intuitions et les ressentis de votre enfance.<\/p>\n\n\n\n<p>J\u2019ai mis dans ce livre tout mon c\u0153ur, toute mon \u00e2me et l\u2019esprit qui nous relie tous. Il m\u2019a fallu de nombreuses ann\u00e9es et beaucoup d\u2019\u00e9preuves pour arriver \u00e0 l\u2019\u00e9dition de ce livre, le bonheur d\u2019\u00eatre \u00e0 ma juste place est la r\u00e9compense de mon parcours. Amis lecteurs ou lectrices, je vous souhaite un juste chemin, un joyeux chemin dans ce beau pays qui est au fond de votre c\u0153ur.<\/p>\n\n\n\n<p>Bien-s\u00fbr, vous aurez \u00e0 vivre les \u00e9preuves n\u00e9cessaires \u00e0 votre \u00e9volution, j\u2019esp\u00e8re simplement que l\u2019\u00e9clairage de ce livre vous permettra de garder la foi en votre destin, en votre mission de vie et dans l\u2019\u00e9merveillement de cet \u00e9quilibre divin qui nous relie tous, en nous permettant d\u2019apporter au monde ce qui nous est demand\u00e9 personnellement d\u2019accomplir dans notre incarnation actuelle.<\/p>\n\n\n\n<p>Avec tendresse<\/p>\n\n\n\n<p><em>Andr\u00e9<\/em><\/p>\n\n\n\n<p> <a href=\"https:\/\/www.andre-lemoine.com\/wp-content\/uploads\/2023\/04\/LVPB-Couverture-23-0202_Couv-3.jpg\">photo couverture<\/a> <a href=\"https:\/\/www.andre-lemoine.com\/wp-content\/uploads\/2023\/04\/4eme-Couverture-.jpg\">photo dos du livre<\/a><\/p>\n\n\n\n<p>Ci-dessous des liens vers les extraits des diff\u00e9rents chapitres :<\/p>\n\n\n\n<p><a href=\"https:\/\/www.andre-lemoine.com\/wp-content\/uploads\/2023\/03\/Sommaire.pdf\">Sommaire<\/a> <\/p>\n\n\n\n<p><a href=\"https:\/\/www.andre-lemoine.com\/?page_id=14\">extraits tome 1<\/a> <\/p>\n\n\n\n<p><a href=\"https:\/\/www.andre-lemoine.com\/?page_id=24\">extraits tome 2<\/a> <\/p>\n\n\n\n<p><a href=\"https:\/\/www.andre-lemoine.com\/?page_id=26\">extraits tome 3<\/a> <\/p>\n\n\n\n<p><a href=\"https:\/\/www.andre-lemoine.com\/?page_id=28\">extraits tome 4<\/a><\/p>\n\n\n\n<p><\/p>\n\n\n\n<p><\/p>\n","protected":false},"excerpt":{"rendered":"<p>Ce livre est un outil pour accompagner ceux qui le d\u00e9sirent dans un chemin int\u00e9rieur, ayant pour but la lib\u00e9ration de notre \u00e2me des cons\u00e9quences dues aux blessures de notre histoire personnelle. C\u2019est un chemin de lib\u00e9ration des a priori &hellip; <a href=\"https:\/\/www.andre-lemoine.com\/\">Continuer la lecture <span class=\"meta-nav\">&rarr;<\/span><\/a><\/p>\n","protected":false},"author":1,"featured_media":0,"parent":0,"menu_order":10,"comment_status":"closed","ping_status":"open","template":"onecolumn-page.php","meta":{"footnotes":""},"class_list":["post-2","page","type-page","status-publish","hentry"],"yoast_head":"<!-- This site is optimized with the Yoast SEO plugin v23.2 - https:\/\/yoast.com\/wordpress\/plugins\/seo\/ -->\n<title>Livre &quot;Le vrai prix du bonheur&quot; - Andr\u00e9 Lemoine<\/title>\n<meta name=\"robots\" content=\"index, follow, max-snippet:-1, max-image-preview:large, max-video-preview:-1\" \/>\n<link rel=\"canonical\" href=\"https:\/\/www.andre-lemoine.com\/\" \/>\n<meta property=\"og:locale\" content=\"fr_FR\" \/>\n<meta property=\"og:type\" content=\"article\" \/>\n<meta property=\"og:title\" content=\"Livre &quot;Le vrai prix du bonheur&quot; - Andr\u00e9 Lemoine\" \/>\n<meta property=\"og:description\" content=\"Ce livre est un outil pour accompagner ceux qui le d\u00e9sirent dans un chemin int\u00e9rieur, ayant pour but la lib\u00e9ration de notre \u00e2me des cons\u00e9quences dues aux blessures de notre histoire personnelle. C\u2019est un chemin de lib\u00e9ration des a priori &hellip; Continuer la lecture &rarr;\" \/>\n<meta property=\"og:url\" content=\"https:\/\/www.andre-lemoine.com\/\" \/>\n<meta property=\"og:site_name\" content=\"Andr\u00e9 Lemoine\" \/>\n<meta property=\"article:modified_time\" content=\"2023-04-12T15:32:05+00:00\" \/>\n<meta name=\"twitter:card\" content=\"summary_large_image\" \/>\n<meta name=\"twitter:label1\" content=\"Dur\u00e9e de lecture estim\u00e9e\" \/>\n\t<meta name=\"twitter:data1\" content=\"1 minute\" \/>\n<script type=\"application\/ld+json\" class=\"yoast-schema-graph\">{\"@context\":\"https:\/\/schema.org\",\"@graph\":[{\"@type\":\"WebPage\",\"@id\":\"https:\/\/www.andre-lemoine.com\/\",\"url\":\"https:\/\/www.andre-lemoine.com\/\",\"name\":\"Livre \\\"Le vrai prix du bonheur\\\" - Andr\u00e9 Lemoine\",\"isPartOf\":{\"@id\":\"https:\/\/www.andre-lemoine.com\/#website\"},\"datePublished\":\"2011-06-15T09:19:24+00:00\",\"dateModified\":\"2023-04-12T15:32:05+00:00\",\"breadcrumb\":{\"@id\":\"https:\/\/www.andre-lemoine.com\/#breadcrumb\"},\"inLanguage\":\"fr-FR\",\"potentialAction\":[{\"@type\":\"ReadAction\",\"target\":[\"https:\/\/www.andre-lemoine.com\/\"]}]},{\"@type\":\"BreadcrumbList\",\"@id\":\"https:\/\/www.andre-lemoine.com\/#breadcrumb\",\"itemListElement\":[{\"@type\":\"ListItem\",\"position\":1,\"name\":\"Accueil\",\"item\":\"https:\/\/www.andre-lemoine.com\/\"},{\"@type\":\"ListItem\",\"position\":2,\"name\":\"Livre \u00ab\u00a0Le vrai prix du bonheur\u00a0\u00bb\"}]},{\"@type\":\"WebSite\",\"@id\":\"https:\/\/www.andre-lemoine.com\/#website\",\"url\":\"https:\/\/www.andre-lemoine.com\/\",\"name\":\"Andr\u00e9 Lemoine\",\"description\":\"Le vrai prix du bonheur\",\"potentialAction\":[{\"@type\":\"SearchAction\",\"target\":{\"@type\":\"EntryPoint\",\"urlTemplate\":\"https:\/\/www.andre-lemoine.com\/?s={search_term_string}\"},\"query-input\":\"required name=search_term_string\"}],\"inLanguage\":\"fr-FR\"}]}<\/script>\n<!-- \/ Yoast SEO plugin. -->","yoast_head_json":{"title":"Livre \"Le vrai prix du bonheur\" - Andr\u00e9 Lemoine","robots":{"index":"index","follow":"follow","max-snippet":"max-snippet:-1","max-image-preview":"max-image-preview:large","max-video-preview":"max-video-preview:-1"},"canonical":"https:\/\/www.andre-lemoine.com\/","og_locale":"fr_FR","og_type":"article","og_title":"Livre \"Le vrai prix du bonheur\" - Andr\u00e9 Lemoine","og_description":"Ce livre est un outil pour accompagner ceux qui le d\u00e9sirent dans un chemin int\u00e9rieur, ayant pour but la lib\u00e9ration de notre \u00e2me des cons\u00e9quences dues aux blessures de notre histoire personnelle. C\u2019est un chemin de lib\u00e9ration des a priori &hellip; Continuer la lecture &rarr;","og_url":"https:\/\/www.andre-lemoine.com\/","og_site_name":"Andr\u00e9 Lemoine","article_modified_time":"2023-04-12T15:32:05+00:00","twitter_card":"summary_large_image","twitter_misc":{"Dur\u00e9e de lecture estim\u00e9e":"1 minute"},"schema":{"@context":"https:\/\/schema.org","@graph":[{"@type":"WebPage","@id":"https:\/\/www.andre-lemoine.com\/","url":"https:\/\/www.andre-lemoine.com\/","name":"Livre \"Le vrai prix du bonheur\" - Andr\u00e9 Lemoine","isPartOf":{"@id":"https:\/\/www.andre-lemoine.com\/#website"},"datePublished":"2011-06-15T09:19:24+00:00","dateModified":"2023-04-12T15:32:05+00:00","breadcrumb":{"@id":"https:\/\/www.andre-lemoine.com\/#breadcrumb"},"inLanguage":"fr-FR","potentialAction":[{"@type":"ReadAction","target":["https:\/\/www.andre-lemoine.com\/"]}]},{"@type":"BreadcrumbList","@id":"https:\/\/www.andre-lemoine.com\/#breadcrumb","itemListElement":[{"@type":"ListItem","position":1,"name":"Accueil","item":"https:\/\/www.andre-lemoine.com\/"},{"@type":"ListItem","position":2,"name":"Livre \u00ab\u00a0Le vrai prix du bonheur\u00a0\u00bb"}]},{"@type":"WebSite","@id":"https:\/\/www.andre-lemoine.com\/#website","url":"https:\/\/www.andre-lemoine.com\/","name":"Andr\u00e9 Lemoine","description":"Le vrai prix du bonheur","potentialAction":[{"@type":"SearchAction","target":{"@type":"EntryPoint","urlTemplate":"https:\/\/www.andre-lemoine.com\/?s={search_term_string}"},"query-input":"required name=search_term_string"}],"inLanguage":"fr-FR"}]}},"_links":{"self":[{"href":"https:\/\/www.andre-lemoine.com\/index.php?rest_route=\/wp\/v2\/pages\/2","targetHints":{"allow":["GET"]}}],"collection":[{"href":"https:\/\/www.andre-lemoine.com\/index.php?rest_route=\/wp\/v2\/pages"}],"about":[{"href":"https:\/\/www.andre-lemoine.com\/index.php?rest_route=\/wp\/v2\/types\/page"}],"author":[{"embeddable":true,"href":"https:\/\/www.andre-lemoine.com\/index.php?rest_route=\/wp\/v2\/users\/1"}],"replies":[{"embeddable":true,"href":"https:\/\/www.andre-lemoine.com\/index.php?rest_route=%2Fwp%2Fv2%2Fcomments&post=2"}],"version-history":[{"count":35,"href":"https:\/\/www.andre-lemoine.com\/index.php?rest_route=\/wp\/v2\/pages\/2\/revisions"}],"predecessor-version":[{"id":1277,"href":"https:\/\/www.andre-lemoine.com\/index.php?rest_route=\/wp\/v2\/pages\/2\/revisions\/1277"}],"wp:attachment":[{"href":"https:\/\/www.andre-lemoine.com\/index.php?rest_route=%2Fwp%2Fv2%2Fmedia&parent=2"}],"curies":[{"name":"wp","href":"https:\/\/api.w.org\/{rel}","templated":true}]}}