{"id":24,"date":"2011-06-21T09:16:35","date_gmt":"2011-06-21T09:16:35","guid":{"rendered":"http:\/\/localhost\/andre-lemoine\/?page_id=24"},"modified":"2023-03-02T15:59:03","modified_gmt":"2023-03-02T15:59:03","slug":"chapitre-2","status":"publish","type":"page","link":"https:\/\/www.andre-lemoine.com\/?page_id=24","title":{"rendered":"Tome 2 &#8211; L&rsquo;ouverture \u00e0 Soi et aux autres"},"content":{"rendered":"\n<p>Notre \u201cSoi\u201d est l\u2019\u00e2me de notre \u00eatre, ce que nous sommes vraiment, il est diff\u00e9rent du comportement, du masque que nous avons fabriqu\u00e9 pour r\u00e9pondre \u00e0 la demande de notre entourage et de tout l\u2019inconscient collectif depuis que l\u2019homme existe.<\/p>\n\n\n\n<p>Pour retrouver notre \u00e2me, nous avons donc une renaissance \u00e0 effectuer. Pour cela, un \u00e9veil de conscience est n\u00e9cessaire, c\u2019est l\u2019\u00e9coute de soi-m\u00eame. Je deviens l\u2019observateur de moi-m\u00eame neutre et sans jugement avec l\u2019aide de la m\u00e9ditation. Avant tout, l\u2019essentiel est de devenir l\u2019ami de soi-m\u00eame.<\/p>\n\n\n\n<p>Voici le lien des extraits du chapitre 2 :\u00a0<a href=\"https:\/\/www.andre-lemoine.com\/wp-content\/uploads\/2023\/03\/extraits-tome-2.pdf\">extraits chapitre 2<\/a><\/p>\n","protected":false},"excerpt":{"rendered":"<p>Notre \u201cSoi\u201d est l\u2019\u00e2me de notre \u00eatre, ce que nous sommes vraiment, il est diff\u00e9rent du comportement, du masque que nous avons fabriqu\u00e9 pour r\u00e9pondre \u00e0 la demande de notre entourage et de tout l\u2019inconscient collectif depuis que l\u2019homme existe. &hellip; <a href=\"https:\/\/www.andre-lemoine.com\/?page_id=24\">Continuer la lecture <span class=\"meta-nav\">&rarr;<\/span><\/a><\/p>\n","protected":false},"author":1,"featured_media":0,"parent":2,"menu_order":30,"comment_status":"closed","ping_status":"open","template":"onecolumn-page.php","meta":{"footnotes":""},"class_list":["post-24","page","type-page","status-publish","hentry"],"yoast_head":"<!-- This site is optimized with the Yoast SEO plugin v23.2 - https:\/\/yoast.com\/wordpress\/plugins\/seo\/ -->\n<title>Tome 2 - L&#039;ouverture \u00e0 Soi et aux autres - Andr\u00e9 Lemoine<\/title>\n<meta name=\"robots\" content=\"index, follow, max-snippet:-1, max-image-preview:large, max-video-preview:-1\" \/>\n<link rel=\"canonical\" href=\"https:\/\/www.andre-lemoine.com\/?page_id=24\" \/>\n<meta property=\"og:locale\" content=\"fr_FR\" \/>\n<meta property=\"og:type\" content=\"article\" \/>\n<meta property=\"og:title\" content=\"Tome 2 - L&#039;ouverture \u00e0 Soi et aux autres - Andr\u00e9 Lemoine\" \/>\n<meta property=\"og:description\" content=\"Notre \u201cSoi\u201d est l\u2019\u00e2me de notre \u00eatre, ce que nous sommes vraiment, il est diff\u00e9rent du comportement, du masque que nous avons fabriqu\u00e9 pour r\u00e9pondre \u00e0 la demande de notre entourage et de tout l\u2019inconscient collectif depuis que l\u2019homme existe. &hellip; Continuer la lecture &rarr;\" \/>\n<meta property=\"og:url\" content=\"https:\/\/www.andre-lemoine.com\/?page_id=24\" \/>\n<meta property=\"og:site_name\" content=\"Andr\u00e9 Lemoine\" \/>\n<meta property=\"article:modified_time\" content=\"2023-03-02T15:59:03+00:00\" \/>\n<meta name=\"twitter:card\" content=\"summary_large_image\" \/>\n<meta name=\"twitter:label1\" content=\"Dur\u00e9e de lecture estim\u00e9e\" \/>\n\t<meta name=\"twitter:data1\" content=\"1 minute\" \/>\n<script type=\"application\/ld+json\" class=\"yoast-schema-graph\">{\"@context\":\"https:\/\/schema.org\",\"@graph\":[{\"@type\":\"WebPage\",\"@id\":\"https:\/\/www.andre-lemoine.com\/?page_id=24\",\"url\":\"https:\/\/www.andre-lemoine.com\/?page_id=24\",\"name\":\"Tome 2 - L'ouverture \u00e0 Soi et aux autres - Andr\u00e9 Lemoine\",\"isPartOf\":{\"@id\":\"https:\/\/www.andre-lemoine.com\/#website\"},\"datePublished\":\"2011-06-21T09:16:35+00:00\",\"dateModified\":\"2023-03-02T15:59:03+00:00\",\"breadcrumb\":{\"@id\":\"https:\/\/www.andre-lemoine.com\/?page_id=24#breadcrumb\"},\"inLanguage\":\"fr-FR\",\"potentialAction\":[{\"@type\":\"ReadAction\",\"target\":[\"https:\/\/www.andre-lemoine.com\/?page_id=24\"]}]},{\"@type\":\"BreadcrumbList\",\"@id\":\"https:\/\/www.andre-lemoine.com\/?page_id=24#breadcrumb\",\"itemListElement\":[{\"@type\":\"ListItem\",\"position\":1,\"name\":\"Accueil\",\"item\":\"https:\/\/www.andre-lemoine.com\/\"},{\"@type\":\"ListItem\",\"position\":2,\"name\":\"Livre \u00ab\u00a0Le vrai prix du bonheur\u00a0\u00bb\",\"item\":\"https:\/\/www.andre-lemoine.com\/\"},{\"@type\":\"ListItem\",\"position\":3,\"name\":\"Tome 2 &#8211; L&rsquo;ouverture \u00e0 Soi et aux autres\"}]},{\"@type\":\"WebSite\",\"@id\":\"https:\/\/www.andre-lemoine.com\/#website\",\"url\":\"https:\/\/www.andre-lemoine.com\/\",\"name\":\"Andr\u00e9 Lemoine\",\"description\":\"Le vrai prix du bonheur\",\"potentialAction\":[{\"@type\":\"SearchAction\",\"target\":{\"@type\":\"EntryPoint\",\"urlTemplate\":\"https:\/\/www.andre-lemoine.com\/?s={search_term_string}\"},\"query-input\":\"required name=search_term_string\"}],\"inLanguage\":\"fr-FR\"}]}<\/script>\n<!-- \/ Yoast SEO plugin. -->","yoast_head_json":{"title":"Tome 2 - L'ouverture \u00e0 Soi et aux autres - Andr\u00e9 Lemoine","robots":{"index":"index","follow":"follow","max-snippet":"max-snippet:-1","max-image-preview":"max-image-preview:large","max-video-preview":"max-video-preview:-1"},"canonical":"https:\/\/www.andre-lemoine.com\/?page_id=24","og_locale":"fr_FR","og_type":"article","og_title":"Tome 2 - L'ouverture \u00e0 Soi et aux autres - Andr\u00e9 Lemoine","og_description":"Notre \u201cSoi\u201d est l\u2019\u00e2me de notre \u00eatre, ce que nous sommes vraiment, il est diff\u00e9rent du comportement, du masque que nous avons fabriqu\u00e9 pour r\u00e9pondre \u00e0 la demande de notre entourage et de tout l\u2019inconscient collectif depuis que l\u2019homme existe. &hellip; Continuer la lecture &rarr;","og_url":"https:\/\/www.andre-lemoine.com\/?page_id=24","og_site_name":"Andr\u00e9 Lemoine","article_modified_time":"2023-03-02T15:59:03+00:00","twitter_card":"summary_large_image","twitter_misc":{"Dur\u00e9e de lecture estim\u00e9e":"1 minute"},"schema":{"@context":"https:\/\/schema.org","@graph":[{"@type":"WebPage","@id":"https:\/\/www.andre-lemoine.com\/?page_id=24","url":"https:\/\/www.andre-lemoine.com\/?page_id=24","name":"Tome 2 - L'ouverture \u00e0 Soi et aux autres - Andr\u00e9 Lemoine","isPartOf":{"@id":"https:\/\/www.andre-lemoine.com\/#website"},"datePublished":"2011-06-21T09:16:35+00:00","dateModified":"2023-03-02T15:59:03+00:00","breadcrumb":{"@id":"https:\/\/www.andre-lemoine.com\/?page_id=24#breadcrumb"},"inLanguage":"fr-FR","potentialAction":[{"@type":"ReadAction","target":["https:\/\/www.andre-lemoine.com\/?page_id=24"]}]},{"@type":"BreadcrumbList","@id":"https:\/\/www.andre-lemoine.com\/?page_id=24#breadcrumb","itemListElement":[{"@type":"ListItem","position":1,"name":"Accueil","item":"https:\/\/www.andre-lemoine.com\/"},{"@type":"ListItem","position":2,"name":"Livre \u00ab\u00a0Le vrai prix du bonheur\u00a0\u00bb","item":"https:\/\/www.andre-lemoine.com\/"},{"@type":"ListItem","position":3,"name":"Tome 2 &#8211; L&rsquo;ouverture \u00e0 Soi et aux autres"}]},{"@type":"WebSite","@id":"https:\/\/www.andre-lemoine.com\/#website","url":"https:\/\/www.andre-lemoine.com\/","name":"Andr\u00e9 Lemoine","description":"Le vrai prix du bonheur","potentialAction":[{"@type":"SearchAction","target":{"@type":"EntryPoint","urlTemplate":"https:\/\/www.andre-lemoine.com\/?s={search_term_string}"},"query-input":"required name=search_term_string"}],"inLanguage":"fr-FR"}]}},"_links":{"self":[{"href":"https:\/\/www.andre-lemoine.com\/index.php?rest_route=\/wp\/v2\/pages\/24","targetHints":{"allow":["GET"]}}],"collection":[{"href":"https:\/\/www.andre-lemoine.com\/index.php?rest_route=\/wp\/v2\/pages"}],"about":[{"href":"https:\/\/www.andre-lemoine.com\/index.php?rest_route=\/wp\/v2\/types\/page"}],"author":[{"embeddable":true,"href":"https:\/\/www.andre-lemoine.com\/index.php?rest_route=\/wp\/v2\/users\/1"}],"replies":[{"embeddable":true,"href":"https:\/\/www.andre-lemoine.com\/index.php?rest_route=%2Fwp%2Fv2%2Fcomments&post=24"}],"version-history":[{"count":26,"href":"https:\/\/www.andre-lemoine.com\/index.php?rest_route=\/wp\/v2\/pages\/24\/revisions"}],"predecessor-version":[{"id":1190,"href":"https:\/\/www.andre-lemoine.com\/index.php?rest_route=\/wp\/v2\/pages\/24\/revisions\/1190"}],"up":[{"embeddable":true,"href":"https:\/\/www.andre-lemoine.com\/index.php?rest_route=\/wp\/v2\/pages\/2"}],"wp:attachment":[{"href":"https:\/\/www.andre-lemoine.com\/index.php?rest_route=%2Fwp%2Fv2%2Fmedia&parent=24"}],"curies":[{"name":"wp","href":"https:\/\/api.w.org\/{rel}","templated":true}]}}