{"id":26,"date":"2011-06-21T09:17:42","date_gmt":"2011-06-21T09:17:42","guid":{"rendered":"http:\/\/localhost\/andre-lemoine\/?page_id=26"},"modified":"2023-04-06T07:40:59","modified_gmt":"2023-04-06T07:40:59","slug":"chapitre-3","status":"publish","type":"page","link":"https:\/\/www.andre-lemoine.com\/?page_id=26","title":{"rendered":"Tome 3 &#8211; L&rsquo;engagement et la pratique"},"content":{"rendered":"\n<p>Tout notre pass\u00e9 est contenu dans notre pr\u00e9sent, toutes nos actions, nos choix de vie et de partenaire sont dict\u00e9s par les souffrances de notre pass\u00e9. Notre pass\u00e9 est donc compl\u00e8tement contenu dans notre pr\u00e9sent. Si nous ne changeons rien \u00e0 nos actions, \u00e0 nos comportements et \u00e0 nos pens\u00e9es ; notre futur sera obligatoirement une continuation de notre pr\u00e9sent. Nos choix de vie future et nos relations futures ne changeront qu\u2019en apparence mais ils seront toujours dict\u00e9s par les souffrances de notre enfance et par le poids des g\u00e9n\u00e9rations pr\u00e9c\u00e9dentes que nous portons en nous.<\/p>\n\n\n\n<p>C\u2019est donc en changeant quelque chose en moi, m\u00eame un tout petit changement, que je change d\u00e9finitivement mon futur. Mon futur est compl\u00e8tement contenu dans mon pr\u00e9sent. Chaque action de changement ici et maintenant m\u2019apporte obligatoirement un futur meilleur.<\/p>\n\n\n\n<p>Voici le lien permettant de t\u00e9l\u00e9charger le chapitre 3 :\u00a0<a href=\"https:\/\/www.andre-lemoine.com\/wp-content\/uploads\/2022\/09\/Le-vrai-prix-du-bonheur-tome-3-2022.pdf\">tome 3<\/a><\/p>\n","protected":false},"excerpt":{"rendered":"<p>Tout notre pass\u00e9 est contenu dans notre pr\u00e9sent, toutes nos actions, nos choix de vie et de partenaire sont dict\u00e9s par les souffrances de notre pass\u00e9. Notre pass\u00e9 est donc compl\u00e8tement contenu dans notre pr\u00e9sent. Si nous ne changeons rien &hellip; <a href=\"https:\/\/www.andre-lemoine.com\/?page_id=26\">Continuer la lecture <span class=\"meta-nav\">&rarr;<\/span><\/a><\/p>\n","protected":false},"author":1,"featured_media":0,"parent":2,"menu_order":40,"comment_status":"closed","ping_status":"open","template":"onecolumn-page.php","meta":{"footnotes":""},"class_list":["post-26","page","type-page","status-publish","hentry"],"yoast_head":"<!-- This site is optimized with the Yoast SEO plugin v23.2 - https:\/\/yoast.com\/wordpress\/plugins\/seo\/ -->\n<title>Tome 3 - L&#039;engagement et la pratique - Andr\u00e9 Lemoine<\/title>\n<meta name=\"robots\" content=\"index, follow, max-snippet:-1, max-image-preview:large, max-video-preview:-1\" \/>\n<link rel=\"canonical\" href=\"https:\/\/www.andre-lemoine.com\/?page_id=26\" \/>\n<meta property=\"og:locale\" content=\"fr_FR\" \/>\n<meta property=\"og:type\" content=\"article\" \/>\n<meta property=\"og:title\" content=\"Tome 3 - L&#039;engagement et la pratique - Andr\u00e9 Lemoine\" \/>\n<meta property=\"og:description\" content=\"Tout notre pass\u00e9 est contenu dans notre pr\u00e9sent, toutes nos actions, nos choix de vie et de partenaire sont dict\u00e9s par les souffrances de notre pass\u00e9. Notre pass\u00e9 est donc compl\u00e8tement contenu dans notre pr\u00e9sent. Si nous ne changeons rien &hellip; Continuer la lecture &rarr;\" \/>\n<meta property=\"og:url\" content=\"https:\/\/www.andre-lemoine.com\/?page_id=26\" \/>\n<meta property=\"og:site_name\" content=\"Andr\u00e9 Lemoine\" \/>\n<meta property=\"article:modified_time\" content=\"2023-04-06T07:40:59+00:00\" \/>\n<meta name=\"twitter:card\" content=\"summary_large_image\" \/>\n<meta name=\"twitter:label1\" content=\"Dur\u00e9e de lecture estim\u00e9e\" \/>\n\t<meta name=\"twitter:data1\" content=\"1 minute\" \/>\n<script type=\"application\/ld+json\" class=\"yoast-schema-graph\">{\"@context\":\"https:\/\/schema.org\",\"@graph\":[{\"@type\":\"WebPage\",\"@id\":\"https:\/\/www.andre-lemoine.com\/?page_id=26\",\"url\":\"https:\/\/www.andre-lemoine.com\/?page_id=26\",\"name\":\"Tome 3 - L'engagement et la pratique - Andr\u00e9 Lemoine\",\"isPartOf\":{\"@id\":\"https:\/\/www.andre-lemoine.com\/#website\"},\"datePublished\":\"2011-06-21T09:17:42+00:00\",\"dateModified\":\"2023-04-06T07:40:59+00:00\",\"breadcrumb\":{\"@id\":\"https:\/\/www.andre-lemoine.com\/?page_id=26#breadcrumb\"},\"inLanguage\":\"fr-FR\",\"potentialAction\":[{\"@type\":\"ReadAction\",\"target\":[\"https:\/\/www.andre-lemoine.com\/?page_id=26\"]}]},{\"@type\":\"BreadcrumbList\",\"@id\":\"https:\/\/www.andre-lemoine.com\/?page_id=26#breadcrumb\",\"itemListElement\":[{\"@type\":\"ListItem\",\"position\":1,\"name\":\"Accueil\",\"item\":\"https:\/\/www.andre-lemoine.com\/\"},{\"@type\":\"ListItem\",\"position\":2,\"name\":\"Livre \u00ab\u00a0Le vrai prix du bonheur\u00a0\u00bb\",\"item\":\"https:\/\/www.andre-lemoine.com\/\"},{\"@type\":\"ListItem\",\"position\":3,\"name\":\"Tome 3 &#8211; L&rsquo;engagement et la pratique\"}]},{\"@type\":\"WebSite\",\"@id\":\"https:\/\/www.andre-lemoine.com\/#website\",\"url\":\"https:\/\/www.andre-lemoine.com\/\",\"name\":\"Andr\u00e9 Lemoine\",\"description\":\"Le vrai prix du bonheur\",\"potentialAction\":[{\"@type\":\"SearchAction\",\"target\":{\"@type\":\"EntryPoint\",\"urlTemplate\":\"https:\/\/www.andre-lemoine.com\/?s={search_term_string}\"},\"query-input\":\"required name=search_term_string\"}],\"inLanguage\":\"fr-FR\"}]}<\/script>\n<!-- \/ Yoast SEO plugin. -->","yoast_head_json":{"title":"Tome 3 - L'engagement et la pratique - Andr\u00e9 Lemoine","robots":{"index":"index","follow":"follow","max-snippet":"max-snippet:-1","max-image-preview":"max-image-preview:large","max-video-preview":"max-video-preview:-1"},"canonical":"https:\/\/www.andre-lemoine.com\/?page_id=26","og_locale":"fr_FR","og_type":"article","og_title":"Tome 3 - L'engagement et la pratique - Andr\u00e9 Lemoine","og_description":"Tout notre pass\u00e9 est contenu dans notre pr\u00e9sent, toutes nos actions, nos choix de vie et de partenaire sont dict\u00e9s par les souffrances de notre pass\u00e9. Notre pass\u00e9 est donc compl\u00e8tement contenu dans notre pr\u00e9sent. Si nous ne changeons rien &hellip; Continuer la lecture &rarr;","og_url":"https:\/\/www.andre-lemoine.com\/?page_id=26","og_site_name":"Andr\u00e9 Lemoine","article_modified_time":"2023-04-06T07:40:59+00:00","twitter_card":"summary_large_image","twitter_misc":{"Dur\u00e9e de lecture estim\u00e9e":"1 minute"},"schema":{"@context":"https:\/\/schema.org","@graph":[{"@type":"WebPage","@id":"https:\/\/www.andre-lemoine.com\/?page_id=26","url":"https:\/\/www.andre-lemoine.com\/?page_id=26","name":"Tome 3 - L'engagement et la pratique - Andr\u00e9 Lemoine","isPartOf":{"@id":"https:\/\/www.andre-lemoine.com\/#website"},"datePublished":"2011-06-21T09:17:42+00:00","dateModified":"2023-04-06T07:40:59+00:00","breadcrumb":{"@id":"https:\/\/www.andre-lemoine.com\/?page_id=26#breadcrumb"},"inLanguage":"fr-FR","potentialAction":[{"@type":"ReadAction","target":["https:\/\/www.andre-lemoine.com\/?page_id=26"]}]},{"@type":"BreadcrumbList","@id":"https:\/\/www.andre-lemoine.com\/?page_id=26#breadcrumb","itemListElement":[{"@type":"ListItem","position":1,"name":"Accueil","item":"https:\/\/www.andre-lemoine.com\/"},{"@type":"ListItem","position":2,"name":"Livre \u00ab\u00a0Le vrai prix du bonheur\u00a0\u00bb","item":"https:\/\/www.andre-lemoine.com\/"},{"@type":"ListItem","position":3,"name":"Tome 3 &#8211; L&rsquo;engagement et la pratique"}]},{"@type":"WebSite","@id":"https:\/\/www.andre-lemoine.com\/#website","url":"https:\/\/www.andre-lemoine.com\/","name":"Andr\u00e9 Lemoine","description":"Le vrai prix du bonheur","potentialAction":[{"@type":"SearchAction","target":{"@type":"EntryPoint","urlTemplate":"https:\/\/www.andre-lemoine.com\/?s={search_term_string}"},"query-input":"required name=search_term_string"}],"inLanguage":"fr-FR"}]}},"_links":{"self":[{"href":"https:\/\/www.andre-lemoine.com\/index.php?rest_route=\/wp\/v2\/pages\/26","targetHints":{"allow":["GET"]}}],"collection":[{"href":"https:\/\/www.andre-lemoine.com\/index.php?rest_route=\/wp\/v2\/pages"}],"about":[{"href":"https:\/\/www.andre-lemoine.com\/index.php?rest_route=\/wp\/v2\/types\/page"}],"author":[{"embeddable":true,"href":"https:\/\/www.andre-lemoine.com\/index.php?rest_route=\/wp\/v2\/users\/1"}],"replies":[{"embeddable":true,"href":"https:\/\/www.andre-lemoine.com\/index.php?rest_route=%2Fwp%2Fv2%2Fcomments&post=26"}],"version-history":[{"count":27,"href":"https:\/\/www.andre-lemoine.com\/index.php?rest_route=\/wp\/v2\/pages\/26\/revisions"}],"predecessor-version":[{"id":1220,"href":"https:\/\/www.andre-lemoine.com\/index.php?rest_route=\/wp\/v2\/pages\/26\/revisions\/1220"}],"up":[{"embeddable":true,"href":"https:\/\/www.andre-lemoine.com\/index.php?rest_route=\/wp\/v2\/pages\/2"}],"wp:attachment":[{"href":"https:\/\/www.andre-lemoine.com\/index.php?rest_route=%2Fwp%2Fv2%2Fmedia&parent=26"}],"curies":[{"name":"wp","href":"https:\/\/api.w.org\/{rel}","templated":true}]}}