{"id":28,"date":"2011-06-21T09:18:01","date_gmt":"2011-06-21T09:18:01","guid":{"rendered":"http:\/\/localhost\/andre-lemoine\/?page_id=28"},"modified":"2023-04-06T07:44:45","modified_gmt":"2023-04-06T07:44:45","slug":"chapitre-4","status":"publish","type":"page","link":"https:\/\/www.andre-lemoine.com\/?page_id=28","title":{"rendered":"Tome 4 &#8211; Et Dieu dans tout \u00e7a ?"},"content":{"rendered":"\n<p>Pour comprendre la spiritualit\u00e9, imaginez un clochard, sa vie est p\u00e9nible, pleine de souffrance, mais imaginez ce m\u00eame clochard envoy\u00e9 par le gouvernement en mission sp\u00e9ciale pour \u00e9tudier la vie et les probl\u00e8mes des clochards. Tout son ressenti change, il est dans la joie et fier de sa mission ! Et si ce clochard, c\u2019\u00e9tait chacun de nous avec nos difficult\u00e9 et nos souffrances et que le gouvernement ce soit l\u2019univers, on peut \u00e9galement l\u2019appeler la vie ou Dieu, dans ce sens l\u00e0 c\u2019est pareil.<\/p>\n\n\n\n<p>Notre chemin spirituel est de faire le silence dans notre pens\u00e9e, pour pouvoir ressentir notre reliance \u00e0 l\u2019univers et retrouver notre chemin de vie, parfaitement programm\u00e9 d\u00e8s notre naissance (et m\u00eame bien avant), en harmonie avec tout ce qui nous entoure. Ce chemin est tr\u00e8s diff\u00e9rent pour chacun de nous.<\/p>\n\n\n\n<p>La spiritualit\u00e9 est l\u2019art d\u2019\u00eatre en permanence soi-m\u00eame, dans l\u2019ici et maintenant, ouvert et conscient des messages que nous d\u00e9livre l\u2019univers \u00e0 chaque instant de notre existence, tout en restant dans la plus grande humilit\u00e9.<\/p>\n\n\n\n<p>Voici le lien permettant de t\u00e9l\u00e9charger le chapitre 4 :\u00a0<a href=\"https:\/\/www.andre-lemoine.com\/wp-content\/uploads\/2022\/09\/Le-vrai-prix-du-bonheur-tome-4-2022.pdf\">extraits tome 4<\/a><\/p>\n","protected":false},"excerpt":{"rendered":"<p>Pour comprendre la spiritualit\u00e9, imaginez un clochard, sa vie est p\u00e9nible, pleine de souffrance, mais imaginez ce m\u00eame clochard envoy\u00e9 par le gouvernement en mission sp\u00e9ciale pour \u00e9tudier la vie et les probl\u00e8mes des clochards. Tout son ressenti change, il &hellip; <a href=\"https:\/\/www.andre-lemoine.com\/?page_id=28\">Continuer la lecture <span class=\"meta-nav\">&rarr;<\/span><\/a><\/p>\n","protected":false},"author":1,"featured_media":0,"parent":2,"menu_order":50,"comment_status":"closed","ping_status":"open","template":"onecolumn-page.php","meta":{"footnotes":""},"class_list":["post-28","page","type-page","status-publish","hentry"],"yoast_head":"<!-- This site is optimized with the Yoast SEO plugin v23.2 - https:\/\/yoast.com\/wordpress\/plugins\/seo\/ -->\n<title>Tome 4 - Et Dieu dans tout \u00e7a ? - Andr\u00e9 Lemoine<\/title>\n<meta name=\"robots\" content=\"index, follow, max-snippet:-1, max-image-preview:large, max-video-preview:-1\" \/>\n<link rel=\"canonical\" href=\"https:\/\/www.andre-lemoine.com\/?page_id=28\" \/>\n<meta property=\"og:locale\" content=\"fr_FR\" \/>\n<meta property=\"og:type\" content=\"article\" \/>\n<meta property=\"og:title\" content=\"Tome 4 - Et Dieu dans tout \u00e7a ? - Andr\u00e9 Lemoine\" \/>\n<meta property=\"og:description\" content=\"Pour comprendre la spiritualit\u00e9, imaginez un clochard, sa vie est p\u00e9nible, pleine de souffrance, mais imaginez ce m\u00eame clochard envoy\u00e9 par le gouvernement en mission sp\u00e9ciale pour \u00e9tudier la vie et les probl\u00e8mes des clochards. Tout son ressenti change, il &hellip; Continuer la lecture &rarr;\" \/>\n<meta property=\"og:url\" content=\"https:\/\/www.andre-lemoine.com\/?page_id=28\" \/>\n<meta property=\"og:site_name\" content=\"Andr\u00e9 Lemoine\" \/>\n<meta property=\"article:modified_time\" content=\"2023-04-06T07:44:45+00:00\" \/>\n<meta name=\"twitter:card\" content=\"summary_large_image\" \/>\n<meta name=\"twitter:label1\" content=\"Dur\u00e9e de lecture estim\u00e9e\" \/>\n\t<meta name=\"twitter:data1\" content=\"1 minute\" \/>\n<script type=\"application\/ld+json\" class=\"yoast-schema-graph\">{\"@context\":\"https:\/\/schema.org\",\"@graph\":[{\"@type\":\"WebPage\",\"@id\":\"https:\/\/www.andre-lemoine.com\/?page_id=28\",\"url\":\"https:\/\/www.andre-lemoine.com\/?page_id=28\",\"name\":\"Tome 4 - Et Dieu dans tout \u00e7a ? - Andr\u00e9 Lemoine\",\"isPartOf\":{\"@id\":\"https:\/\/www.andre-lemoine.com\/#website\"},\"datePublished\":\"2011-06-21T09:18:01+00:00\",\"dateModified\":\"2023-04-06T07:44:45+00:00\",\"breadcrumb\":{\"@id\":\"https:\/\/www.andre-lemoine.com\/?page_id=28#breadcrumb\"},\"inLanguage\":\"fr-FR\",\"potentialAction\":[{\"@type\":\"ReadAction\",\"target\":[\"https:\/\/www.andre-lemoine.com\/?page_id=28\"]}]},{\"@type\":\"BreadcrumbList\",\"@id\":\"https:\/\/www.andre-lemoine.com\/?page_id=28#breadcrumb\",\"itemListElement\":[{\"@type\":\"ListItem\",\"position\":1,\"name\":\"Accueil\",\"item\":\"https:\/\/www.andre-lemoine.com\/\"},{\"@type\":\"ListItem\",\"position\":2,\"name\":\"Livre \u00ab\u00a0Le vrai prix du bonheur\u00a0\u00bb\",\"item\":\"https:\/\/www.andre-lemoine.com\/\"},{\"@type\":\"ListItem\",\"position\":3,\"name\":\"Tome 4 &#8211; Et Dieu dans tout \u00e7a ?\"}]},{\"@type\":\"WebSite\",\"@id\":\"https:\/\/www.andre-lemoine.com\/#website\",\"url\":\"https:\/\/www.andre-lemoine.com\/\",\"name\":\"Andr\u00e9 Lemoine\",\"description\":\"Le vrai prix du bonheur\",\"potentialAction\":[{\"@type\":\"SearchAction\",\"target\":{\"@type\":\"EntryPoint\",\"urlTemplate\":\"https:\/\/www.andre-lemoine.com\/?s={search_term_string}\"},\"query-input\":\"required name=search_term_string\"}],\"inLanguage\":\"fr-FR\"}]}<\/script>\n<!-- \/ Yoast SEO plugin. -->","yoast_head_json":{"title":"Tome 4 - Et Dieu dans tout \u00e7a ? - Andr\u00e9 Lemoine","robots":{"index":"index","follow":"follow","max-snippet":"max-snippet:-1","max-image-preview":"max-image-preview:large","max-video-preview":"max-video-preview:-1"},"canonical":"https:\/\/www.andre-lemoine.com\/?page_id=28","og_locale":"fr_FR","og_type":"article","og_title":"Tome 4 - Et Dieu dans tout \u00e7a ? - Andr\u00e9 Lemoine","og_description":"Pour comprendre la spiritualit\u00e9, imaginez un clochard, sa vie est p\u00e9nible, pleine de souffrance, mais imaginez ce m\u00eame clochard envoy\u00e9 par le gouvernement en mission sp\u00e9ciale pour \u00e9tudier la vie et les probl\u00e8mes des clochards. Tout son ressenti change, il &hellip; Continuer la lecture &rarr;","og_url":"https:\/\/www.andre-lemoine.com\/?page_id=28","og_site_name":"Andr\u00e9 Lemoine","article_modified_time":"2023-04-06T07:44:45+00:00","twitter_card":"summary_large_image","twitter_misc":{"Dur\u00e9e de lecture estim\u00e9e":"1 minute"},"schema":{"@context":"https:\/\/schema.org","@graph":[{"@type":"WebPage","@id":"https:\/\/www.andre-lemoine.com\/?page_id=28","url":"https:\/\/www.andre-lemoine.com\/?page_id=28","name":"Tome 4 - Et Dieu dans tout \u00e7a ? - Andr\u00e9 Lemoine","isPartOf":{"@id":"https:\/\/www.andre-lemoine.com\/#website"},"datePublished":"2011-06-21T09:18:01+00:00","dateModified":"2023-04-06T07:44:45+00:00","breadcrumb":{"@id":"https:\/\/www.andre-lemoine.com\/?page_id=28#breadcrumb"},"inLanguage":"fr-FR","potentialAction":[{"@type":"ReadAction","target":["https:\/\/www.andre-lemoine.com\/?page_id=28"]}]},{"@type":"BreadcrumbList","@id":"https:\/\/www.andre-lemoine.com\/?page_id=28#breadcrumb","itemListElement":[{"@type":"ListItem","position":1,"name":"Accueil","item":"https:\/\/www.andre-lemoine.com\/"},{"@type":"ListItem","position":2,"name":"Livre \u00ab\u00a0Le vrai prix du bonheur\u00a0\u00bb","item":"https:\/\/www.andre-lemoine.com\/"},{"@type":"ListItem","position":3,"name":"Tome 4 &#8211; Et Dieu dans tout \u00e7a ?"}]},{"@type":"WebSite","@id":"https:\/\/www.andre-lemoine.com\/#website","url":"https:\/\/www.andre-lemoine.com\/","name":"Andr\u00e9 Lemoine","description":"Le vrai prix du bonheur","potentialAction":[{"@type":"SearchAction","target":{"@type":"EntryPoint","urlTemplate":"https:\/\/www.andre-lemoine.com\/?s={search_term_string}"},"query-input":"required name=search_term_string"}],"inLanguage":"fr-FR"}]}},"_links":{"self":[{"href":"https:\/\/www.andre-lemoine.com\/index.php?rest_route=\/wp\/v2\/pages\/28","targetHints":{"allow":["GET"]}}],"collection":[{"href":"https:\/\/www.andre-lemoine.com\/index.php?rest_route=\/wp\/v2\/pages"}],"about":[{"href":"https:\/\/www.andre-lemoine.com\/index.php?rest_route=\/wp\/v2\/types\/page"}],"author":[{"embeddable":true,"href":"https:\/\/www.andre-lemoine.com\/index.php?rest_route=\/wp\/v2\/users\/1"}],"replies":[{"embeddable":true,"href":"https:\/\/www.andre-lemoine.com\/index.php?rest_route=%2Fwp%2Fv2%2Fcomments&post=28"}],"version-history":[{"count":21,"href":"https:\/\/www.andre-lemoine.com\/index.php?rest_route=\/wp\/v2\/pages\/28\/revisions"}],"predecessor-version":[{"id":1222,"href":"https:\/\/www.andre-lemoine.com\/index.php?rest_route=\/wp\/v2\/pages\/28\/revisions\/1222"}],"up":[{"embeddable":true,"href":"https:\/\/www.andre-lemoine.com\/index.php?rest_route=\/wp\/v2\/pages\/2"}],"wp:attachment":[{"href":"https:\/\/www.andre-lemoine.com\/index.php?rest_route=%2Fwp%2Fv2%2Fmedia&parent=28"}],"curies":[{"name":"wp","href":"https:\/\/api.w.org\/{rel}","templated":true}]}}