{"id":65,"date":"2011-06-21T14:15:40","date_gmt":"2011-06-21T14:15:40","guid":{"rendered":"http:\/\/localhost\/andre-lemoine\/?page_id=65"},"modified":"2023-04-12T15:56:35","modified_gmt":"2023-04-12T15:56:35","slug":"la-pratique-et-documents-divers","status":"publish","type":"page","link":"https:\/\/www.andre-lemoine.com\/?page_id=65","title":{"rendered":"Documents divers"},"content":{"rendered":"\n<p>Liens des documents :<\/p>\n\n\n\n<p><a href=\"https:\/\/www.andre-lemoine.com\/wp-content\/uploads\/2023\/04\/videos-Youtube.pdf\">liens de mes vid\u00e9os sur Youtube<\/a><\/p>\n\n\n\n<p> <a href=\"https:\/\/www.andre-lemoine.com\/wp-content\/uploads\/2023\/04\/La-pratique.pdf\">La pratique<\/a> <\/p>\n\n\n\n<p><a href=\"https:\/\/www.andre-lemoine.com\/wp-content\/uploads\/2011\/07\/documents-pour-afficher.pdf\">Documents pour afficher<\/a> <\/p>\n\n\n\n<p><a href=\"https:\/\/www.andre-lemoine.com\/wp-content\/uploads\/2011\/06\/les_24_essentiels.pdf\">Les 24 essentiels<\/a> <\/p>\n\n\n\n<p><a href=\"https:\/\/www.andre-lemoine.com\/wp-content\/uploads\/2011\/06\/doc_divers-messages_essentiels_geant.doc\">Messages essentiels<\/a> <\/p>\n\n\n\n<p><a href=\"https:\/\/www.andre-lemoine.com\/wp-content\/uploads\/2011\/06\/doc_divers-priere_globale.pdf\">Pri\u00e8re globale<\/a> <\/p>\n","protected":false},"excerpt":{"rendered":"<p>Liens des documents : liens de mes vid\u00e9os sur Youtube La pratique Documents pour afficher Les 24 essentiels Messages essentiels Pri\u00e8re globale<\/p>\n","protected":false},"author":1,"featured_media":0,"parent":0,"menu_order":30,"comment_status":"closed","ping_status":"open","template":"onecolumn-page.php","meta":{"footnotes":""},"class_list":["post-65","page","type-page","status-publish","hentry"],"yoast_head":"<!-- This site is optimized with the Yoast SEO plugin v23.2 - https:\/\/yoast.com\/wordpress\/plugins\/seo\/ -->\n<title>Documents divers - Andr\u00e9 Lemoine<\/title>\n<meta name=\"robots\" content=\"index, follow, max-snippet:-1, max-image-preview:large, max-video-preview:-1\" \/>\n<link rel=\"canonical\" href=\"https:\/\/www.andre-lemoine.com\/?page_id=65\" \/>\n<meta property=\"og:locale\" content=\"fr_FR\" \/>\n<meta property=\"og:type\" content=\"article\" \/>\n<meta property=\"og:title\" content=\"Documents divers - Andr\u00e9 Lemoine\" \/>\n<meta property=\"og:description\" content=\"Liens des documents : liens de mes vid\u00e9os sur Youtube La pratique Documents pour afficher Les 24 essentiels Messages essentiels Pri\u00e8re globale\" \/>\n<meta property=\"og:url\" content=\"https:\/\/www.andre-lemoine.com\/?page_id=65\" \/>\n<meta property=\"og:site_name\" content=\"Andr\u00e9 Lemoine\" \/>\n<meta property=\"article:modified_time\" content=\"2023-04-12T15:56:35+00:00\" \/>\n<meta name=\"twitter:card\" content=\"summary_large_image\" \/>\n<script type=\"application\/ld+json\" class=\"yoast-schema-graph\">{\"@context\":\"https:\/\/schema.org\",\"@graph\":[{\"@type\":\"WebPage\",\"@id\":\"https:\/\/www.andre-lemoine.com\/?page_id=65\",\"url\":\"https:\/\/www.andre-lemoine.com\/?page_id=65\",\"name\":\"Documents divers - Andr\u00e9 Lemoine\",\"isPartOf\":{\"@id\":\"https:\/\/www.andre-lemoine.com\/#website\"},\"datePublished\":\"2011-06-21T14:15:40+00:00\",\"dateModified\":\"2023-04-12T15:56:35+00:00\",\"breadcrumb\":{\"@id\":\"https:\/\/www.andre-lemoine.com\/?page_id=65#breadcrumb\"},\"inLanguage\":\"fr-FR\",\"potentialAction\":[{\"@type\":\"ReadAction\",\"target\":[\"https:\/\/www.andre-lemoine.com\/?page_id=65\"]}]},{\"@type\":\"BreadcrumbList\",\"@id\":\"https:\/\/www.andre-lemoine.com\/?page_id=65#breadcrumb\",\"itemListElement\":[{\"@type\":\"ListItem\",\"position\":1,\"name\":\"Accueil\",\"item\":\"https:\/\/www.andre-lemoine.com\/\"},{\"@type\":\"ListItem\",\"position\":2,\"name\":\"Documents divers\"}]},{\"@type\":\"WebSite\",\"@id\":\"https:\/\/www.andre-lemoine.com\/#website\",\"url\":\"https:\/\/www.andre-lemoine.com\/\",\"name\":\"Andr\u00e9 Lemoine\",\"description\":\"Le vrai prix du bonheur\",\"potentialAction\":[{\"@type\":\"SearchAction\",\"target\":{\"@type\":\"EntryPoint\",\"urlTemplate\":\"https:\/\/www.andre-lemoine.com\/?s={search_term_string}\"},\"query-input\":\"required name=search_term_string\"}],\"inLanguage\":\"fr-FR\"}]}<\/script>\n<!-- \/ Yoast SEO plugin. -->","yoast_head_json":{"title":"Documents divers - Andr\u00e9 Lemoine","robots":{"index":"index","follow":"follow","max-snippet":"max-snippet:-1","max-image-preview":"max-image-preview:large","max-video-preview":"max-video-preview:-1"},"canonical":"https:\/\/www.andre-lemoine.com\/?page_id=65","og_locale":"fr_FR","og_type":"article","og_title":"Documents divers - Andr\u00e9 Lemoine","og_description":"Liens des documents : liens de mes vid\u00e9os sur Youtube La pratique Documents pour afficher Les 24 essentiels Messages essentiels Pri\u00e8re globale","og_url":"https:\/\/www.andre-lemoine.com\/?page_id=65","og_site_name":"Andr\u00e9 Lemoine","article_modified_time":"2023-04-12T15:56:35+00:00","twitter_card":"summary_large_image","schema":{"@context":"https:\/\/schema.org","@graph":[{"@type":"WebPage","@id":"https:\/\/www.andre-lemoine.com\/?page_id=65","url":"https:\/\/www.andre-lemoine.com\/?page_id=65","name":"Documents divers - Andr\u00e9 Lemoine","isPartOf":{"@id":"https:\/\/www.andre-lemoine.com\/#website"},"datePublished":"2011-06-21T14:15:40+00:00","dateModified":"2023-04-12T15:56:35+00:00","breadcrumb":{"@id":"https:\/\/www.andre-lemoine.com\/?page_id=65#breadcrumb"},"inLanguage":"fr-FR","potentialAction":[{"@type":"ReadAction","target":["https:\/\/www.andre-lemoine.com\/?page_id=65"]}]},{"@type":"BreadcrumbList","@id":"https:\/\/www.andre-lemoine.com\/?page_id=65#breadcrumb","itemListElement":[{"@type":"ListItem","position":1,"name":"Accueil","item":"https:\/\/www.andre-lemoine.com\/"},{"@type":"ListItem","position":2,"name":"Documents divers"}]},{"@type":"WebSite","@id":"https:\/\/www.andre-lemoine.com\/#website","url":"https:\/\/www.andre-lemoine.com\/","name":"Andr\u00e9 Lemoine","description":"Le vrai prix du bonheur","potentialAction":[{"@type":"SearchAction","target":{"@type":"EntryPoint","urlTemplate":"https:\/\/www.andre-lemoine.com\/?s={search_term_string}"},"query-input":"required name=search_term_string"}],"inLanguage":"fr-FR"}]}},"_links":{"self":[{"href":"https:\/\/www.andre-lemoine.com\/index.php?rest_route=\/wp\/v2\/pages\/65","targetHints":{"allow":["GET"]}}],"collection":[{"href":"https:\/\/www.andre-lemoine.com\/index.php?rest_route=\/wp\/v2\/pages"}],"about":[{"href":"https:\/\/www.andre-lemoine.com\/index.php?rest_route=\/wp\/v2\/types\/page"}],"author":[{"embeddable":true,"href":"https:\/\/www.andre-lemoine.com\/index.php?rest_route=\/wp\/v2\/users\/1"}],"replies":[{"embeddable":true,"href":"https:\/\/www.andre-lemoine.com\/index.php?rest_route=%2Fwp%2Fv2%2Fcomments&post=65"}],"version-history":[{"count":19,"href":"https:\/\/www.andre-lemoine.com\/index.php?rest_route=\/wp\/v2\/pages\/65\/revisions"}],"predecessor-version":[{"id":1281,"href":"https:\/\/www.andre-lemoine.com\/index.php?rest_route=\/wp\/v2\/pages\/65\/revisions\/1281"}],"wp:attachment":[{"href":"https:\/\/www.andre-lemoine.com\/index.php?rest_route=%2Fwp%2Fv2%2Fmedia&parent=65"}],"curies":[{"name":"wp","href":"https:\/\/api.w.org\/{rel}","templated":true}]}}