{"id":73,"date":"2011-06-21T14:18:22","date_gmt":"2011-06-21T14:18:22","guid":{"rendered":"http:\/\/localhost\/andre-lemoine\/?page_id=73"},"modified":"2023-02-27T09:19:42","modified_gmt":"2023-02-27T09:19:42","slug":"documents-divers","status":"publish","type":"page","link":"https:\/\/www.andre-lemoine.com\/?page_id=73","title":{"rendered":"Documents \u00e0 afficher"},"content":{"rendered":"\n<p>Ces documents compl\u00e8tent le livre \u00ab Le vrai prix du bonheur \u00bb pour rappeler et oser afficher ce qui doit rester en permanence dans notre esprit \u00e0 chaque instant de la journ\u00e9e et surtout au milieu de chaque \u00e9change relationnel, agr\u00e9able ou difficile.<\/p>\n\n\n\n<p>Chacun peut-\u00eatre t\u00e9l\u00e9charg\u00e9 puis imprim\u00e9 :<\/p>\n\n\n\n<ul class=\"wp-block-list\">\n<li><a href=\"https:\/\/www.andre-lemoine.com\/wp-content\/uploads\/2011\/06\/doc_divers-priere_globale.pdf\">Pri\u00e8re globale<\/a>,<\/li>\n\n\n\n<li><a href=\"https:\/\/www.andre-lemoine.com\/wp-content\/uploads\/2011\/06\/doc_divers_tout_est_dieu_geant.pdf\">Tout est Dieu g\u00e9ant<\/a>,<\/li>\n\n\n\n<li><a href=\"https:\/\/www.andre-lemoine.com\/wp-content\/uploads\/2011\/07\/documents-pour-afficher.pdf\">documents pour afficher<\/a><\/li>\n\n\n\n<li><a href=\"https:\/\/www.andre-lemoine.com\/wp-content\/uploads\/2013\/05\/doc_divers-messages_essentiels_geant-_2_.pdf\">messages_essentiels<\/a><\/li>\n<\/ul>\n","protected":false},"excerpt":{"rendered":"<p>Ces documents compl\u00e8tent le livre \u00ab Le vrai prix du bonheur \u00bb pour rappeler et oser afficher ce qui doit rester en permanence dans notre esprit \u00e0 chaque instant de la journ\u00e9e et surtout au milieu de chaque \u00e9change relationnel, &hellip; <a href=\"https:\/\/www.andre-lemoine.com\/?page_id=73\">Continuer la lecture <span class=\"meta-nav\">&rarr;<\/span><\/a><\/p>\n","protected":false},"author":1,"featured_media":0,"parent":65,"menu_order":20,"comment_status":"closed","ping_status":"open","template":"onecolumn-page.php","meta":{"footnotes":""},"class_list":["post-73","page","type-page","status-publish","hentry"],"yoast_head":"<!-- This site is optimized with the Yoast SEO plugin v23.2 - https:\/\/yoast.com\/wordpress\/plugins\/seo\/ -->\n<title>Documents \u00e0 afficher - Andr\u00e9 Lemoine<\/title>\n<meta name=\"robots\" content=\"index, follow, max-snippet:-1, max-image-preview:large, max-video-preview:-1\" \/>\n<link rel=\"canonical\" href=\"https:\/\/www.andre-lemoine.com\/?page_id=73\" \/>\n<meta property=\"og:locale\" content=\"fr_FR\" \/>\n<meta property=\"og:type\" content=\"article\" \/>\n<meta property=\"og:title\" content=\"Documents \u00e0 afficher - Andr\u00e9 Lemoine\" \/>\n<meta property=\"og:description\" content=\"Ces documents compl\u00e8tent le livre \u00ab Le vrai prix du bonheur \u00bb pour rappeler et oser afficher ce qui doit rester en permanence dans notre esprit \u00e0 chaque instant de la journ\u00e9e et surtout au milieu de chaque \u00e9change relationnel, &hellip; Continuer la lecture &rarr;\" \/>\n<meta property=\"og:url\" content=\"https:\/\/www.andre-lemoine.com\/?page_id=73\" \/>\n<meta property=\"og:site_name\" content=\"Andr\u00e9 Lemoine\" \/>\n<meta property=\"article:modified_time\" content=\"2023-02-27T09:19:42+00:00\" \/>\n<meta name=\"twitter:card\" content=\"summary_large_image\" \/>\n<script type=\"application\/ld+json\" class=\"yoast-schema-graph\">{\"@context\":\"https:\/\/schema.org\",\"@graph\":[{\"@type\":\"WebPage\",\"@id\":\"https:\/\/www.andre-lemoine.com\/?page_id=73\",\"url\":\"https:\/\/www.andre-lemoine.com\/?page_id=73\",\"name\":\"Documents \u00e0 afficher - Andr\u00e9 Lemoine\",\"isPartOf\":{\"@id\":\"https:\/\/www.andre-lemoine.com\/#website\"},\"datePublished\":\"2011-06-21T14:18:22+00:00\",\"dateModified\":\"2023-02-27T09:19:42+00:00\",\"breadcrumb\":{\"@id\":\"https:\/\/www.andre-lemoine.com\/?page_id=73#breadcrumb\"},\"inLanguage\":\"fr-FR\",\"potentialAction\":[{\"@type\":\"ReadAction\",\"target\":[\"https:\/\/www.andre-lemoine.com\/?page_id=73\"]}]},{\"@type\":\"BreadcrumbList\",\"@id\":\"https:\/\/www.andre-lemoine.com\/?page_id=73#breadcrumb\",\"itemListElement\":[{\"@type\":\"ListItem\",\"position\":1,\"name\":\"Accueil\",\"item\":\"https:\/\/www.andre-lemoine.com\/\"},{\"@type\":\"ListItem\",\"position\":2,\"name\":\"Documents divers\",\"item\":\"https:\/\/www.andre-lemoine.com\/?page_id=65\"},{\"@type\":\"ListItem\",\"position\":3,\"name\":\"Documents \u00e0 afficher\"}]},{\"@type\":\"WebSite\",\"@id\":\"https:\/\/www.andre-lemoine.com\/#website\",\"url\":\"https:\/\/www.andre-lemoine.com\/\",\"name\":\"Andr\u00e9 Lemoine\",\"description\":\"Le vrai prix du bonheur\",\"potentialAction\":[{\"@type\":\"SearchAction\",\"target\":{\"@type\":\"EntryPoint\",\"urlTemplate\":\"https:\/\/www.andre-lemoine.com\/?s={search_term_string}\"},\"query-input\":\"required name=search_term_string\"}],\"inLanguage\":\"fr-FR\"}]}<\/script>\n<!-- \/ Yoast SEO plugin. -->","yoast_head_json":{"title":"Documents \u00e0 afficher - Andr\u00e9 Lemoine","robots":{"index":"index","follow":"follow","max-snippet":"max-snippet:-1","max-image-preview":"max-image-preview:large","max-video-preview":"max-video-preview:-1"},"canonical":"https:\/\/www.andre-lemoine.com\/?page_id=73","og_locale":"fr_FR","og_type":"article","og_title":"Documents \u00e0 afficher - Andr\u00e9 Lemoine","og_description":"Ces documents compl\u00e8tent le livre \u00ab Le vrai prix du bonheur \u00bb pour rappeler et oser afficher ce qui doit rester en permanence dans notre esprit \u00e0 chaque instant de la journ\u00e9e et surtout au milieu de chaque \u00e9change relationnel, &hellip; Continuer la lecture &rarr;","og_url":"https:\/\/www.andre-lemoine.com\/?page_id=73","og_site_name":"Andr\u00e9 Lemoine","article_modified_time":"2023-02-27T09:19:42+00:00","twitter_card":"summary_large_image","schema":{"@context":"https:\/\/schema.org","@graph":[{"@type":"WebPage","@id":"https:\/\/www.andre-lemoine.com\/?page_id=73","url":"https:\/\/www.andre-lemoine.com\/?page_id=73","name":"Documents \u00e0 afficher - Andr\u00e9 Lemoine","isPartOf":{"@id":"https:\/\/www.andre-lemoine.com\/#website"},"datePublished":"2011-06-21T14:18:22+00:00","dateModified":"2023-02-27T09:19:42+00:00","breadcrumb":{"@id":"https:\/\/www.andre-lemoine.com\/?page_id=73#breadcrumb"},"inLanguage":"fr-FR","potentialAction":[{"@type":"ReadAction","target":["https:\/\/www.andre-lemoine.com\/?page_id=73"]}]},{"@type":"BreadcrumbList","@id":"https:\/\/www.andre-lemoine.com\/?page_id=73#breadcrumb","itemListElement":[{"@type":"ListItem","position":1,"name":"Accueil","item":"https:\/\/www.andre-lemoine.com\/"},{"@type":"ListItem","position":2,"name":"Documents divers","item":"https:\/\/www.andre-lemoine.com\/?page_id=65"},{"@type":"ListItem","position":3,"name":"Documents \u00e0 afficher"}]},{"@type":"WebSite","@id":"https:\/\/www.andre-lemoine.com\/#website","url":"https:\/\/www.andre-lemoine.com\/","name":"Andr\u00e9 Lemoine","description":"Le vrai prix du bonheur","potentialAction":[{"@type":"SearchAction","target":{"@type":"EntryPoint","urlTemplate":"https:\/\/www.andre-lemoine.com\/?s={search_term_string}"},"query-input":"required name=search_term_string"}],"inLanguage":"fr-FR"}]}},"_links":{"self":[{"href":"https:\/\/www.andre-lemoine.com\/index.php?rest_route=\/wp\/v2\/pages\/73","targetHints":{"allow":["GET"]}}],"collection":[{"href":"https:\/\/www.andre-lemoine.com\/index.php?rest_route=\/wp\/v2\/pages"}],"about":[{"href":"https:\/\/www.andre-lemoine.com\/index.php?rest_route=\/wp\/v2\/types\/page"}],"author":[{"embeddable":true,"href":"https:\/\/www.andre-lemoine.com\/index.php?rest_route=\/wp\/v2\/users\/1"}],"replies":[{"embeddable":true,"href":"https:\/\/www.andre-lemoine.com\/index.php?rest_route=%2Fwp%2Fv2%2Fcomments&post=73"}],"version-history":[{"count":17,"href":"https:\/\/www.andre-lemoine.com\/index.php?rest_route=\/wp\/v2\/pages\/73\/revisions"}],"predecessor-version":[{"id":1155,"href":"https:\/\/www.andre-lemoine.com\/index.php?rest_route=\/wp\/v2\/pages\/73\/revisions\/1155"}],"up":[{"embeddable":true,"href":"https:\/\/www.andre-lemoine.com\/index.php?rest_route=\/wp\/v2\/pages\/65"}],"wp:attachment":[{"href":"https:\/\/www.andre-lemoine.com\/index.php?rest_route=%2Fwp%2Fv2%2Fmedia&parent=73"}],"curies":[{"name":"wp","href":"https:\/\/api.w.org\/{rel}","templated":true}]}}