{"id":84,"date":"2011-06-21T15:11:09","date_gmt":"2011-06-21T15:11:09","guid":{"rendered":"http:\/\/localhost\/andre-lemoine\/?page_id=84"},"modified":"2023-04-08T18:54:33","modified_gmt":"2023-04-08T18:54:33","slug":"correspondances","status":"publish","type":"page","link":"https:\/\/www.andre-lemoine.com\/?page_id=84","title":{"rendered":"Correspondances"},"content":{"rendered":"\n<p>Ces textes sont des extraits de correspondances, le plus souvent par internet, entre moi et ceux que j&rsquo;accompagne de fa\u00e7on suivie, dans un engagement mutuel fait de sinc\u00e9rit\u00e9, de confiance et d&rsquo;amour. <\/p>\n\n\n\n<p>Nous vous offrons notre intimit\u00e9 la plus profonde pour aider votre inconscient afin qu&rsquo;il s&rsquo;ouvre \u00e0 du nouveau et \u00e0 la gu\u00e9rison de l&rsquo;\u00e2me.<\/p>\n\n\n\n<p>Je souhaite qu&rsquo;ils vous apportent l&rsquo;aide transformatrice dont chacun d&rsquo;entre nous a b\u00e9n\u00e9fici\u00e9.<\/p>\n\n\n\n<p>En amiti\u00e9 avec vous, Andr\u00e9 Lemoine. Liens :<\/p>\n\n\n\n<p> <a href=\"https:\/\/www.andre-lemoine.com\/wp-content\/uploads\/2023\/02\/A-Maud.pdf\">A Maud<\/a>   <\/p>\n\n\n\n<p><a href=\"https:\/\/www.andre-lemoine.com\/wp-content\/uploads\/2023\/02\/A-Sylvie.pdf\">A Sylvie<\/a>   <\/p>\n\n\n\n<p><a href=\"https:\/\/www.andre-lemoine.com\/wp-content\/uploads\/2023\/02\/A-Helene.pdf\">A H\u00e9l\u00e8ne<\/a>   <\/p>\n\n\n\n<p><a href=\"https:\/\/www.andre-lemoine.com\/wp-content\/uploads\/2023\/02\/A-Elisabeth.pdf\" data-type=\"URL\" data-id=\"https:\/\/www.andre-lemoine.com\/wp-content\/uploads\/2023\/02\/A-Elisabeth.pdf\">A Elisabeth<\/a>  <\/p>\n\n\n\n<p> <a href=\"https:\/\/www.andre-lemoine.com\/wp-content\/uploads\/2023\/02\/A-Emmanuelle.pdf\">A Emmanuelle<\/a><\/p>\n","protected":false},"excerpt":{"rendered":"<p>Ces textes sont des extraits de correspondances, le plus souvent par internet, entre moi et ceux que j&rsquo;accompagne de fa\u00e7on suivie, dans un engagement mutuel fait de sinc\u00e9rit\u00e9, de confiance et d&rsquo;amour. Nous vous offrons notre intimit\u00e9 la plus profonde &hellip; <a href=\"https:\/\/www.andre-lemoine.com\/?page_id=84\">Continuer la lecture <span class=\"meta-nav\">&rarr;<\/span><\/a><\/p>\n","protected":false},"author":1,"featured_media":0,"parent":0,"menu_order":40,"comment_status":"closed","ping_status":"open","template":"onecolumn-page.php","meta":{"footnotes":""},"class_list":["post-84","page","type-page","status-publish","hentry"],"yoast_head":"<!-- This site is optimized with the Yoast SEO plugin v23.2 - https:\/\/yoast.com\/wordpress\/plugins\/seo\/ -->\n<title>Correspondances - Andr\u00e9 Lemoine<\/title>\n<meta name=\"robots\" content=\"index, follow, max-snippet:-1, max-image-preview:large, max-video-preview:-1\" \/>\n<link rel=\"canonical\" href=\"https:\/\/www.andre-lemoine.com\/?page_id=84\" \/>\n<meta property=\"og:locale\" content=\"fr_FR\" \/>\n<meta property=\"og:type\" content=\"article\" \/>\n<meta property=\"og:title\" content=\"Correspondances - Andr\u00e9 Lemoine\" \/>\n<meta property=\"og:description\" content=\"Ces textes sont des extraits de correspondances, le plus souvent par internet, entre moi et ceux que j&rsquo;accompagne de fa\u00e7on suivie, dans un engagement mutuel fait de sinc\u00e9rit\u00e9, de confiance et d&rsquo;amour. Nous vous offrons notre intimit\u00e9 la plus profonde &hellip; Continuer la lecture &rarr;\" \/>\n<meta property=\"og:url\" content=\"https:\/\/www.andre-lemoine.com\/?page_id=84\" \/>\n<meta property=\"og:site_name\" content=\"Andr\u00e9 Lemoine\" \/>\n<meta property=\"article:modified_time\" content=\"2023-04-08T18:54:33+00:00\" \/>\n<meta name=\"twitter:card\" content=\"summary_large_image\" \/>\n<script type=\"application\/ld+json\" class=\"yoast-schema-graph\">{\"@context\":\"https:\/\/schema.org\",\"@graph\":[{\"@type\":\"WebPage\",\"@id\":\"https:\/\/www.andre-lemoine.com\/?page_id=84\",\"url\":\"https:\/\/www.andre-lemoine.com\/?page_id=84\",\"name\":\"Correspondances - Andr\u00e9 Lemoine\",\"isPartOf\":{\"@id\":\"https:\/\/www.andre-lemoine.com\/#website\"},\"datePublished\":\"2011-06-21T15:11:09+00:00\",\"dateModified\":\"2023-04-08T18:54:33+00:00\",\"breadcrumb\":{\"@id\":\"https:\/\/www.andre-lemoine.com\/?page_id=84#breadcrumb\"},\"inLanguage\":\"fr-FR\",\"potentialAction\":[{\"@type\":\"ReadAction\",\"target\":[\"https:\/\/www.andre-lemoine.com\/?page_id=84\"]}]},{\"@type\":\"BreadcrumbList\",\"@id\":\"https:\/\/www.andre-lemoine.com\/?page_id=84#breadcrumb\",\"itemListElement\":[{\"@type\":\"ListItem\",\"position\":1,\"name\":\"Accueil\",\"item\":\"https:\/\/www.andre-lemoine.com\/\"},{\"@type\":\"ListItem\",\"position\":2,\"name\":\"Correspondances\"}]},{\"@type\":\"WebSite\",\"@id\":\"https:\/\/www.andre-lemoine.com\/#website\",\"url\":\"https:\/\/www.andre-lemoine.com\/\",\"name\":\"Andr\u00e9 Lemoine\",\"description\":\"Le vrai prix du bonheur\",\"potentialAction\":[{\"@type\":\"SearchAction\",\"target\":{\"@type\":\"EntryPoint\",\"urlTemplate\":\"https:\/\/www.andre-lemoine.com\/?s={search_term_string}\"},\"query-input\":\"required name=search_term_string\"}],\"inLanguage\":\"fr-FR\"}]}<\/script>\n<!-- \/ Yoast SEO plugin. -->","yoast_head_json":{"title":"Correspondances - Andr\u00e9 Lemoine","robots":{"index":"index","follow":"follow","max-snippet":"max-snippet:-1","max-image-preview":"max-image-preview:large","max-video-preview":"max-video-preview:-1"},"canonical":"https:\/\/www.andre-lemoine.com\/?page_id=84","og_locale":"fr_FR","og_type":"article","og_title":"Correspondances - Andr\u00e9 Lemoine","og_description":"Ces textes sont des extraits de correspondances, le plus souvent par internet, entre moi et ceux que j&rsquo;accompagne de fa\u00e7on suivie, dans un engagement mutuel fait de sinc\u00e9rit\u00e9, de confiance et d&rsquo;amour. Nous vous offrons notre intimit\u00e9 la plus profonde &hellip; Continuer la lecture &rarr;","og_url":"https:\/\/www.andre-lemoine.com\/?page_id=84","og_site_name":"Andr\u00e9 Lemoine","article_modified_time":"2023-04-08T18:54:33+00:00","twitter_card":"summary_large_image","schema":{"@context":"https:\/\/schema.org","@graph":[{"@type":"WebPage","@id":"https:\/\/www.andre-lemoine.com\/?page_id=84","url":"https:\/\/www.andre-lemoine.com\/?page_id=84","name":"Correspondances - Andr\u00e9 Lemoine","isPartOf":{"@id":"https:\/\/www.andre-lemoine.com\/#website"},"datePublished":"2011-06-21T15:11:09+00:00","dateModified":"2023-04-08T18:54:33+00:00","breadcrumb":{"@id":"https:\/\/www.andre-lemoine.com\/?page_id=84#breadcrumb"},"inLanguage":"fr-FR","potentialAction":[{"@type":"ReadAction","target":["https:\/\/www.andre-lemoine.com\/?page_id=84"]}]},{"@type":"BreadcrumbList","@id":"https:\/\/www.andre-lemoine.com\/?page_id=84#breadcrumb","itemListElement":[{"@type":"ListItem","position":1,"name":"Accueil","item":"https:\/\/www.andre-lemoine.com\/"},{"@type":"ListItem","position":2,"name":"Correspondances"}]},{"@type":"WebSite","@id":"https:\/\/www.andre-lemoine.com\/#website","url":"https:\/\/www.andre-lemoine.com\/","name":"Andr\u00e9 Lemoine","description":"Le vrai prix du bonheur","potentialAction":[{"@type":"SearchAction","target":{"@type":"EntryPoint","urlTemplate":"https:\/\/www.andre-lemoine.com\/?s={search_term_string}"},"query-input":"required name=search_term_string"}],"inLanguage":"fr-FR"}]}},"_links":{"self":[{"href":"https:\/\/www.andre-lemoine.com\/index.php?rest_route=\/wp\/v2\/pages\/84","targetHints":{"allow":["GET"]}}],"collection":[{"href":"https:\/\/www.andre-lemoine.com\/index.php?rest_route=\/wp\/v2\/pages"}],"about":[{"href":"https:\/\/www.andre-lemoine.com\/index.php?rest_route=\/wp\/v2\/types\/page"}],"author":[{"embeddable":true,"href":"https:\/\/www.andre-lemoine.com\/index.php?rest_route=\/wp\/v2\/users\/1"}],"replies":[{"embeddable":true,"href":"https:\/\/www.andre-lemoine.com\/index.php?rest_route=%2Fwp%2Fv2%2Fcomments&post=84"}],"version-history":[{"count":17,"href":"https:\/\/www.andre-lemoine.com\/index.php?rest_route=\/wp\/v2\/pages\/84\/revisions"}],"predecessor-version":[{"id":1271,"href":"https:\/\/www.andre-lemoine.com\/index.php?rest_route=\/wp\/v2\/pages\/84\/revisions\/1271"}],"wp:attachment":[{"href":"https:\/\/www.andre-lemoine.com\/index.php?rest_route=%2Fwp%2Fv2%2Fmedia&parent=84"}],"curies":[{"name":"wp","href":"https:\/\/api.w.org\/{rel}","templated":true}]}}